{"id":885,"date":"2024-07-23T16:54:10","date_gmt":"2024-07-23T13:54:10","guid":{"rendered":"https:\/\/ghyildiz.com\/?post_type=product&#038;p=885"},"modified":"2024-08-22T10:05:00","modified_gmt":"2024-08-22T07:05:00","slug":"d-way-vitamin-d3-5-000-iu","status":"publish","type":"product","link":"https:\/\/ghyildiz.com\/tr\/product\/d-way-vitamin-d3-5-000-iu\/","title":{"rendered":"D-Way Vitamin D3 5.000 IU"},"content":{"rendered":"<p>D-Way Vitamin D3 5.000 IU 60 Softgels<\/p>\n","protected":false},"excerpt":{"rendered":"<ul>\n<li>\u201cVitamin D contributes to the normal absorption\/utilization of calcium and phosphorus.\u201d<\/li>\n<li>\u201cVitamin D contributes to the maintenance of normal bones, normal muscle function and normal teeth.\u201d<\/li>\n<li>\u201cVitamin D contributes to the normal function of the immune system.\u201d*<\/li>\n<li><\/li>\n<\/ul>\n<p><img decoding=\"async\" class=\"alignnone size-medium wp-image-993\" src=\"https:\/\/ghyildiz.com\/wp-content\/uploads\/2024\/07\/Ekran-goruntusu-2024-07-18-162811-21-300x111.jpg\" alt=\"\" width=\"300\" height=\"111\" srcset=\"https:\/\/ghyildiz.com\/wp-content\/uploads\/2024\/07\/Ekran-goruntusu-2024-07-18-162811-21-300x111.jpg 300w, https:\/\/ghyildiz.com\/wp-content\/uploads\/2024\/07\/Ekran-goruntusu-2024-07-18-162811-21-1024x379.jpg 1024w, https:\/\/ghyildiz.com\/wp-content\/uploads\/2024\/07\/Ekran-goruntusu-2024-07-18-162811-21-768x284.jpg 768w, https:\/\/ghyildiz.com\/wp-content\/uploads\/2024\/07\/Ekran-goruntusu-2024-07-18-162811-21-600x222.jpg 600w, https:\/\/ghyildiz.com\/wp-content\/uploads\/2024\/07\/Ekran-goruntusu-2024-07-18-162811-21.jpg 1520w\" sizes=\"(max-width: 300px) 100vw, 300px\" \/><\/p>\n<p><strong>Ingredients:<\/strong><br \/>\nSunflower oil, bovine gelatin, deionized water, humectant: glycerol, cholecalciferol (vitamin D3).<\/p>\n<p><strong>Recommended Use:<\/strong><br \/>\nThe recommended daily intake is 1 softgel capsule for adults.<\/p>\n<p>&nbsp;<\/p>\n<p>&nbsp;<\/p>\n<p>&nbsp;<\/p>\n<p>&nbsp;<\/p>\n","protected":false},"featured_media":886,"template":"","meta":{"_bst_post_transparent":"default","_bst_post_title":"","_bst_post_layout":"default","_bst_post_sidebar_id":"","_bst_post_content_style":"default","_bst_post_vertical_padding":"default","_bst_post_feature":"","_bst_post_feature_position":"","_bst_post_header":false,"_bst_post_footer":false},"product_brand":[],"product_cat":[83],"product_tag":[],"class_list":{"0":"post-885","1":"product","2":"type-product","3":"status-publish","4":"has-post-thumbnail","6":"product_cat-vitamins-and-minerals","8":"first","9":"instock","10":"shipping-taxable","11":"product-type-simple","12":"entry","13":"content-bg","14":"loop-entry"},"yoast_head":"<!-- This site is optimized with the Yoast SEO plugin v27.0 - https:\/\/yoast.com\/product\/yoast-seo-wordpress\/ -->\n<title>D-Way Vitamin D3 5.000 IU - GH YILDIZ<\/title>\n<meta name=\"robots\" content=\"index, follow, max-snippet:-1, max-image-preview:large, max-video-preview:-1\" \/>\n<link rel=\"canonical\" href=\"https:\/\/ghyildiz.com\/product\/d-way-vitamin-d3-5-000-iu\/\" \/>\n<meta property=\"og:locale\" content=\"tr_TR\" \/>\n<meta property=\"og:type\" content=\"article\" \/>\n<meta property=\"og:title\" content=\"D-Way Vitamin D3 5.000 IU - GH YILDIZ\" \/>\n<meta property=\"og:description\" content=\"\u201cVitamin D contributes to the normal absorption\/utilization of calcium and phosphorus.\u201d  \u201cVitamin D contributes to the maintenance of normal bones, normal muscle function and normal teeth.\u201d  \u201cVitamin D contributes to the normal function of the immune system.\u201d*      Ingredients: Sunflower oil, bovine gelatin, deionized water, humectant: glycerol, cholecalciferol (vitamin D3).  Recommended Use: The recommended daily intake is 1 softgel capsule for adults.  &nbsp;  &nbsp;  &nbsp;  &nbsp;\" \/>\n<meta property=\"og:url\" content=\"https:\/\/ghyildiz.com\/product\/d-way-vitamin-d3-5-000-iu\/\" \/>\n<meta property=\"og:site_name\" content=\"GH YILDIZ\" \/>\n<meta property=\"article:modified_time\" content=\"2024-08-22T07:05:00+00:00\" \/>\n<meta property=\"og:image\" content=\"https:\/\/ghyildiz.com\/wp-content\/uploads\/2024\/07\/D-WAY-VITAMIN-D3-5000IU-SG-1.jpg\" \/>\n\t<meta property=\"og:image:width\" content=\"1000\" \/>\n\t<meta property=\"og:image:height\" content=\"1000\" \/>\n\t<meta property=\"og:image:type\" content=\"image\/jpeg\" \/>\n<meta name=\"twitter:card\" content=\"summary_large_image\" \/>\n<script type=\"application\/ld+json\" class=\"yoast-schema-graph\">{\"@context\":\"https:\/\/schema.org\",\"@graph\":[{\"@type\":\"WebPage\",\"@id\":\"https:\/\/ghyildiz.com\/product\/d-way-vitamin-d3-5-000-iu\/\",\"url\":\"https:\/\/ghyildiz.com\/product\/d-way-vitamin-d3-5-000-iu\/\",\"name\":\"D-Way Vitamin D3 5.000 IU - GH YILDIZ\",\"isPartOf\":{\"@id\":\"https:\/\/ghyildiz.com\/#website\"},\"primaryImageOfPage\":{\"@id\":\"https:\/\/ghyildiz.com\/product\/d-way-vitamin-d3-5-000-iu\/#primaryimage\"},\"image\":{\"@id\":\"https:\/\/ghyildiz.com\/product\/d-way-vitamin-d3-5-000-iu\/#primaryimage\"},\"thumbnailUrl\":\"https:\/\/ghyildiz.com\/wp-content\/uploads\/2024\/07\/D-WAY-VITAMIN-D3-5000IU-SG-1.jpg\",\"datePublished\":\"2024-07-23T13:54:10+00:00\",\"dateModified\":\"2024-08-22T07:05:00+00:00\",\"breadcrumb\":{\"@id\":\"https:\/\/ghyildiz.com\/product\/d-way-vitamin-d3-5-000-iu\/#breadcrumb\"},\"inLanguage\":\"tr\",\"potentialAction\":[{\"@type\":\"ReadAction\",\"target\":[\"https:\/\/ghyildiz.com\/product\/d-way-vitamin-d3-5-000-iu\/\"]}]},{\"@type\":\"ImageObject\",\"inLanguage\":\"tr\",\"@id\":\"https:\/\/ghyildiz.com\/product\/d-way-vitamin-d3-5-000-iu\/#primaryimage\",\"url\":\"https:\/\/ghyildiz.com\/wp-content\/uploads\/2024\/07\/D-WAY-VITAMIN-D3-5000IU-SG-1.jpg\",\"contentUrl\":\"https:\/\/ghyildiz.com\/wp-content\/uploads\/2024\/07\/D-WAY-VITAMIN-D3-5000IU-SG-1.jpg\",\"width\":1000,\"height\":1000},{\"@type\":\"BreadcrumbList\",\"@id\":\"https:\/\/ghyildiz.com\/product\/d-way-vitamin-d3-5-000-iu\/#breadcrumb\",\"itemListElement\":[{\"@type\":\"ListItem\",\"position\":1,\"name\":\"Home\",\"item\":\"https:\/\/ghyildiz.com\/tr\/\"},{\"@type\":\"ListItem\",\"position\":2,\"name\":\"Shop\",\"item\":\"https:\/\/ghyildiz.com\/shop\/\"},{\"@type\":\"ListItem\",\"position\":3,\"name\":\"D-Way Vitamin D3 5.000 IU\"}]},{\"@type\":\"WebSite\",\"@id\":\"https:\/\/ghyildiz.com\/#website\",\"url\":\"https:\/\/ghyildiz.com\/\",\"name\":\"GH YILDIZ\",\"description\":\"\u0130LA\u00c7 ve KOZMET\u0130K\",\"publisher\":{\"@id\":\"https:\/\/ghyildiz.com\/#organization\"},\"potentialAction\":[{\"@type\":\"SearchAction\",\"target\":{\"@type\":\"EntryPoint\",\"urlTemplate\":\"https:\/\/ghyildiz.com\/?s={search_term_string}\"},\"query-input\":{\"@type\":\"PropertyValueSpecification\",\"valueRequired\":true,\"valueName\":\"search_term_string\"}}],\"inLanguage\":\"tr\"},{\"@type\":\"Organization\",\"@id\":\"https:\/\/ghyildiz.com\/#organization\",\"name\":\"GH YILDIZ\",\"url\":\"https:\/\/ghyildiz.com\/\",\"logo\":{\"@type\":\"ImageObject\",\"inLanguage\":\"tr\",\"@id\":\"https:\/\/ghyildiz.com\/#\/schema\/logo\/image\/\",\"url\":\"https:\/\/ghyildiz.com\/wp-content\/uploads\/2024\/07\/logo.png\",\"contentUrl\":\"https:\/\/ghyildiz.com\/wp-content\/uploads\/2024\/07\/logo.png\",\"width\":1690,\"height\":290,\"caption\":\"GH YILDIZ\"},\"image\":{\"@id\":\"https:\/\/ghyildiz.com\/#\/schema\/logo\/image\/\"}}]}<\/script>\n<!-- \/ Yoast SEO plugin. -->","yoast_head_json":{"title":"D-Way Vitamin D3 5.000 IU - GH YILDIZ","robots":{"index":"index","follow":"follow","max-snippet":"max-snippet:-1","max-image-preview":"max-image-preview:large","max-video-preview":"max-video-preview:-1"},"canonical":"https:\/\/ghyildiz.com\/product\/d-way-vitamin-d3-5-000-iu\/","og_locale":"tr_TR","og_type":"article","og_title":"D-Way Vitamin D3 5.000 IU - GH YILDIZ","og_description":"\u201cVitamin D contributes to the normal absorption\/utilization of calcium and phosphorus.\u201d  \u201cVitamin D contributes to the maintenance of normal bones, normal muscle function and normal teeth.\u201d  \u201cVitamin D contributes to the normal function of the immune system.\u201d*      Ingredients: Sunflower oil, bovine gelatin, deionized water, humectant: glycerol, cholecalciferol (vitamin D3).  Recommended Use: The recommended daily intake is 1 softgel capsule for adults.  &nbsp;  &nbsp;  &nbsp;  &nbsp;","og_url":"https:\/\/ghyildiz.com\/product\/d-way-vitamin-d3-5-000-iu\/","og_site_name":"GH YILDIZ","article_modified_time":"2024-08-22T07:05:00+00:00","og_image":[{"width":1000,"height":1000,"url":"https:\/\/ghyildiz.com\/wp-content\/uploads\/2024\/07\/D-WAY-VITAMIN-D3-5000IU-SG-1.jpg","type":"image\/jpeg"}],"twitter_card":"summary_large_image","schema":{"@context":"https:\/\/schema.org","@graph":[{"@type":"WebPage","@id":"https:\/\/ghyildiz.com\/product\/d-way-vitamin-d3-5-000-iu\/","url":"https:\/\/ghyildiz.com\/product\/d-way-vitamin-d3-5-000-iu\/","name":"D-Way Vitamin D3 5.000 IU - GH YILDIZ","isPartOf":{"@id":"https:\/\/ghyildiz.com\/#website"},"primaryImageOfPage":{"@id":"https:\/\/ghyildiz.com\/product\/d-way-vitamin-d3-5-000-iu\/#primaryimage"},"image":{"@id":"https:\/\/ghyildiz.com\/product\/d-way-vitamin-d3-5-000-iu\/#primaryimage"},"thumbnailUrl":"https:\/\/ghyildiz.com\/wp-content\/uploads\/2024\/07\/D-WAY-VITAMIN-D3-5000IU-SG-1.jpg","datePublished":"2024-07-23T13:54:10+00:00","dateModified":"2024-08-22T07:05:00+00:00","breadcrumb":{"@id":"https:\/\/ghyildiz.com\/product\/d-way-vitamin-d3-5-000-iu\/#breadcrumb"},"inLanguage":"tr","potentialAction":[{"@type":"ReadAction","target":["https:\/\/ghyildiz.com\/product\/d-way-vitamin-d3-5-000-iu\/"]}]},{"@type":"ImageObject","inLanguage":"tr","@id":"https:\/\/ghyildiz.com\/product\/d-way-vitamin-d3-5-000-iu\/#primaryimage","url":"https:\/\/ghyildiz.com\/wp-content\/uploads\/2024\/07\/D-WAY-VITAMIN-D3-5000IU-SG-1.jpg","contentUrl":"https:\/\/ghyildiz.com\/wp-content\/uploads\/2024\/07\/D-WAY-VITAMIN-D3-5000IU-SG-1.jpg","width":1000,"height":1000},{"@type":"BreadcrumbList","@id":"https:\/\/ghyildiz.com\/product\/d-way-vitamin-d3-5-000-iu\/#breadcrumb","itemListElement":[{"@type":"ListItem","position":1,"name":"Home","item":"https:\/\/ghyildiz.com\/tr\/"},{"@type":"ListItem","position":2,"name":"Shop","item":"https:\/\/ghyildiz.com\/shop\/"},{"@type":"ListItem","position":3,"name":"D-Way Vitamin D3 5.000 IU"}]},{"@type":"WebSite","@id":"https:\/\/ghyildiz.com\/#website","url":"https:\/\/ghyildiz.com\/","name":"GH YILDIZ","description":"\u0130LA\u00c7 ve KOZMET\u0130K","publisher":{"@id":"https:\/\/ghyildiz.com\/#organization"},"potentialAction":[{"@type":"SearchAction","target":{"@type":"EntryPoint","urlTemplate":"https:\/\/ghyildiz.com\/?s={search_term_string}"},"query-input":{"@type":"PropertyValueSpecification","valueRequired":true,"valueName":"search_term_string"}}],"inLanguage":"tr"},{"@type":"Organization","@id":"https:\/\/ghyildiz.com\/#organization","name":"GH YILDIZ","url":"https:\/\/ghyildiz.com\/","logo":{"@type":"ImageObject","inLanguage":"tr","@id":"https:\/\/ghyildiz.com\/#\/schema\/logo\/image\/","url":"https:\/\/ghyildiz.com\/wp-content\/uploads\/2024\/07\/logo.png","contentUrl":"https:\/\/ghyildiz.com\/wp-content\/uploads\/2024\/07\/logo.png","width":1690,"height":290,"caption":"GH YILDIZ"},"image":{"@id":"https:\/\/ghyildiz.com\/#\/schema\/logo\/image\/"}}]}},"_links":{"self":[{"href":"https:\/\/ghyildiz.com\/tr\/wp-json\/wp\/v2\/product\/885","targetHints":{"allow":["GET"]}}],"collection":[{"href":"https:\/\/ghyildiz.com\/tr\/wp-json\/wp\/v2\/product"}],"about":[{"href":"https:\/\/ghyildiz.com\/tr\/wp-json\/wp\/v2\/types\/product"}],"wp:featuredmedia":[{"embeddable":true,"href":"https:\/\/ghyildiz.com\/tr\/wp-json\/wp\/v2\/media\/886"}],"wp:attachment":[{"href":"https:\/\/ghyildiz.com\/tr\/wp-json\/wp\/v2\/media?parent=885"}],"wp:term":[{"taxonomy":"product_brand","embeddable":true,"href":"https:\/\/ghyildiz.com\/tr\/wp-json\/wp\/v2\/product_brand?post=885"},{"taxonomy":"product_cat","embeddable":true,"href":"https:\/\/ghyildiz.com\/tr\/wp-json\/wp\/v2\/product_cat?post=885"},{"taxonomy":"product_tag","embeddable":true,"href":"https:\/\/ghyildiz.com\/tr\/wp-json\/wp\/v2\/product_tag?post=885"}],"curies":[{"name":"wp","href":"https:\/\/api.w.org\/{rel}","templated":true}]}}