{"id":880,"date":"2024-07-23T16:50:49","date_gmt":"2024-07-23T13:50:49","guid":{"rendered":"https:\/\/ghyildiz.com\/?post_type=product&#038;p=880"},"modified":"2024-08-21T14:57:10","modified_gmt":"2024-08-21T11:57:10","slug":"magnesiumb6-complex","status":"publish","type":"product","link":"https:\/\/ghyildiz.com\/tr\/product\/magnesiumb6-complex\/","title":{"rendered":"Magnesium+B6 Complex"},"content":{"rendered":"<p>Magnesium+B6 Complex 60 Tablets<\/p>\n","protected":false},"excerpt":{"rendered":"<p>\u201cMagnesium contributes to normal muscle function, electrolyte balance, normal energy-yielding metabolism, and the reduction of tiredness and fatigue.\u201d<\/p>\n<p>\u201cMagnesium contributes to the maintenance of normal bones and teeth.\u201d*<br \/>\n\u201cVitamin B6 contributes to normal energy-yielding metabolism, normal homocysteine \u200b\u200bmetabolism, and the reduction of tiredness and fatigue.\u201d<\/p>\n<p><img decoding=\"async\" class=\"alignnone size-medium wp-image-1019\" src=\"https:\/\/ghyildiz.com\/wp-content\/uploads\/2024\/07\/Ekran-goruntusu-2024-07-18-162811-23-300x159.jpg\" alt=\"\" width=\"300\" height=\"159\" srcset=\"https:\/\/ghyildiz.com\/wp-content\/uploads\/2024\/07\/Ekran-goruntusu-2024-07-18-162811-23-300x159.jpg 300w, https:\/\/ghyildiz.com\/wp-content\/uploads\/2024\/07\/Ekran-goruntusu-2024-07-18-162811-23-1024x542.jpg 1024w, https:\/\/ghyildiz.com\/wp-content\/uploads\/2024\/07\/Ekran-goruntusu-2024-07-18-162811-23-768x406.jpg 768w, https:\/\/ghyildiz.com\/wp-content\/uploads\/2024\/07\/Ekran-goruntusu-2024-07-18-162811-23-600x317.jpg 600w, https:\/\/ghyildiz.com\/wp-content\/uploads\/2024\/07\/Ekran-goruntusu-2024-07-18-162811-23.jpg 1242w\" sizes=\"(max-width: 300px) 100vw, 300px\" \/><\/p>\n<p><strong>Ingredients:<\/strong><br \/>\nMagnesium citrate, magnesium bisglycinate, bulking agent: microcrystalline<br \/>\ncellulose, magnesium taurate, magnesium malate, stabilizer: polyvinylpyrrolidone,<br \/>\npyridoxine hydrochloride, anticaking agent: (magnesium stearate, silicon dioxide).<br \/>\n<strong>Recommended Use:<\/strong><br \/>\nThe recommended daily intake is 1 tablet for adults.<\/p>\n<p>&nbsp;<\/p>\n<p>&nbsp;<\/p>\n<p>&nbsp;<\/p>\n","protected":false},"featured_media":883,"template":"","meta":{"_bst_post_transparent":"default","_bst_post_title":"","_bst_post_layout":"default","_bst_post_sidebar_id":"","_bst_post_content_style":"default","_bst_post_vertical_padding":"default","_bst_post_feature":"","_bst_post_feature_position":"","_bst_post_header":false,"_bst_post_footer":false},"product_brand":[],"product_cat":[83],"product_tag":[],"class_list":{"0":"post-880","1":"product","2":"type-product","3":"status-publish","4":"has-post-thumbnail","6":"product_cat-vitamins-and-minerals","8":"first","9":"instock","10":"shipping-taxable","11":"product-type-simple","12":"entry","13":"content-bg","14":"loop-entry"},"yoast_head":"<!-- This site is optimized with the Yoast SEO plugin v27.0 - https:\/\/yoast.com\/product\/yoast-seo-wordpress\/ -->\n<title>Magnesium+B6 Complex - GH YILDIZ<\/title>\n<meta name=\"robots\" content=\"index, follow, max-snippet:-1, max-image-preview:large, max-video-preview:-1\" \/>\n<link rel=\"canonical\" href=\"https:\/\/ghyildiz.com\/product\/magnesiumb6-complex\/\" \/>\n<meta property=\"og:locale\" content=\"tr_TR\" \/>\n<meta property=\"og:type\" content=\"article\" \/>\n<meta property=\"og:title\" content=\"Magnesium+B6 Complex - GH YILDIZ\" \/>\n<meta property=\"og:description\" content=\"\u201cMagnesium contributes to normal muscle function, electrolyte balance, normal energy-yielding metabolism, and the reduction of tiredness and fatigue.\u201d  \u201cMagnesium contributes to the maintenance of normal bones and teeth.\u201d* \u201cVitamin B6 contributes to normal energy-yielding metabolism, normal homocysteine \u200b\u200bmetabolism, and the reduction of tiredness and fatigue.\u201d    Ingredients: Magnesium citrate, magnesium bisglycinate, bulking agent: microcrystalline cellulose, magnesium taurate, magnesium malate, stabilizer: polyvinylpyrrolidone, pyridoxine hydrochloride, anticaking agent: (magnesium stearate, silicon dioxide). Recommended Use: The recommended daily intake is 1 tablet for adults.  &nbsp;  &nbsp;  &nbsp;\" \/>\n<meta property=\"og:url\" content=\"https:\/\/ghyildiz.com\/product\/magnesiumb6-complex\/\" \/>\n<meta property=\"og:site_name\" content=\"GH YILDIZ\" \/>\n<meta property=\"article:modified_time\" content=\"2024-08-21T11:57:10+00:00\" \/>\n<meta property=\"og:image\" content=\"https:\/\/ghyildiz.com\/wp-content\/uploads\/2024\/07\/MAGNESIUM-B6-COMPLEX.jpg\" \/>\n\t<meta property=\"og:image:width\" content=\"1000\" \/>\n\t<meta property=\"og:image:height\" content=\"1000\" \/>\n\t<meta property=\"og:image:type\" content=\"image\/jpeg\" \/>\n<meta name=\"twitter:card\" content=\"summary_large_image\" \/>\n<script type=\"application\/ld+json\" class=\"yoast-schema-graph\">{\"@context\":\"https:\/\/schema.org\",\"@graph\":[{\"@type\":\"WebPage\",\"@id\":\"https:\/\/ghyildiz.com\/product\/magnesiumb6-complex\/\",\"url\":\"https:\/\/ghyildiz.com\/product\/magnesiumb6-complex\/\",\"name\":\"Magnesium+B6 Complex - GH YILDIZ\",\"isPartOf\":{\"@id\":\"https:\/\/ghyildiz.com\/#website\"},\"primaryImageOfPage\":{\"@id\":\"https:\/\/ghyildiz.com\/product\/magnesiumb6-complex\/#primaryimage\"},\"image\":{\"@id\":\"https:\/\/ghyildiz.com\/product\/magnesiumb6-complex\/#primaryimage\"},\"thumbnailUrl\":\"https:\/\/ghyildiz.com\/wp-content\/uploads\/2024\/07\/MAGNESIUM-B6-COMPLEX.jpg\",\"datePublished\":\"2024-07-23T13:50:49+00:00\",\"dateModified\":\"2024-08-21T11:57:10+00:00\",\"breadcrumb\":{\"@id\":\"https:\/\/ghyildiz.com\/product\/magnesiumb6-complex\/#breadcrumb\"},\"inLanguage\":\"tr\",\"potentialAction\":[{\"@type\":\"ReadAction\",\"target\":[\"https:\/\/ghyildiz.com\/product\/magnesiumb6-complex\/\"]}]},{\"@type\":\"ImageObject\",\"inLanguage\":\"tr\",\"@id\":\"https:\/\/ghyildiz.com\/product\/magnesiumb6-complex\/#primaryimage\",\"url\":\"https:\/\/ghyildiz.com\/wp-content\/uploads\/2024\/07\/MAGNESIUM-B6-COMPLEX.jpg\",\"contentUrl\":\"https:\/\/ghyildiz.com\/wp-content\/uploads\/2024\/07\/MAGNESIUM-B6-COMPLEX.jpg\",\"width\":1000,\"height\":1000},{\"@type\":\"BreadcrumbList\",\"@id\":\"https:\/\/ghyildiz.com\/product\/magnesiumb6-complex\/#breadcrumb\",\"itemListElement\":[{\"@type\":\"ListItem\",\"position\":1,\"name\":\"Home\",\"item\":\"https:\/\/ghyildiz.com\/tr\/\"},{\"@type\":\"ListItem\",\"position\":2,\"name\":\"Shop\",\"item\":\"https:\/\/ghyildiz.com\/shop\/\"},{\"@type\":\"ListItem\",\"position\":3,\"name\":\"Magnesium+B6 Complex\"}]},{\"@type\":\"WebSite\",\"@id\":\"https:\/\/ghyildiz.com\/#website\",\"url\":\"https:\/\/ghyildiz.com\/\",\"name\":\"GH YILDIZ\",\"description\":\"\u0130LA\u00c7 ve KOZMET\u0130K\",\"publisher\":{\"@id\":\"https:\/\/ghyildiz.com\/#organization\"},\"potentialAction\":[{\"@type\":\"SearchAction\",\"target\":{\"@type\":\"EntryPoint\",\"urlTemplate\":\"https:\/\/ghyildiz.com\/?s={search_term_string}\"},\"query-input\":{\"@type\":\"PropertyValueSpecification\",\"valueRequired\":true,\"valueName\":\"search_term_string\"}}],\"inLanguage\":\"tr\"},{\"@type\":\"Organization\",\"@id\":\"https:\/\/ghyildiz.com\/#organization\",\"name\":\"GH YILDIZ\",\"url\":\"https:\/\/ghyildiz.com\/\",\"logo\":{\"@type\":\"ImageObject\",\"inLanguage\":\"tr\",\"@id\":\"https:\/\/ghyildiz.com\/#\/schema\/logo\/image\/\",\"url\":\"https:\/\/ghyildiz.com\/wp-content\/uploads\/2024\/07\/logo.png\",\"contentUrl\":\"https:\/\/ghyildiz.com\/wp-content\/uploads\/2024\/07\/logo.png\",\"width\":1690,\"height\":290,\"caption\":\"GH YILDIZ\"},\"image\":{\"@id\":\"https:\/\/ghyildiz.com\/#\/schema\/logo\/image\/\"}}]}<\/script>\n<!-- \/ Yoast SEO plugin. -->","yoast_head_json":{"title":"Magnesium+B6 Complex - GH YILDIZ","robots":{"index":"index","follow":"follow","max-snippet":"max-snippet:-1","max-image-preview":"max-image-preview:large","max-video-preview":"max-video-preview:-1"},"canonical":"https:\/\/ghyildiz.com\/product\/magnesiumb6-complex\/","og_locale":"tr_TR","og_type":"article","og_title":"Magnesium+B6 Complex - GH YILDIZ","og_description":"\u201cMagnesium contributes to normal muscle function, electrolyte balance, normal energy-yielding metabolism, and the reduction of tiredness and fatigue.\u201d  \u201cMagnesium contributes to the maintenance of normal bones and teeth.\u201d* \u201cVitamin B6 contributes to normal energy-yielding metabolism, normal homocysteine \u200b\u200bmetabolism, and the reduction of tiredness and fatigue.\u201d    Ingredients: Magnesium citrate, magnesium bisglycinate, bulking agent: microcrystalline cellulose, magnesium taurate, magnesium malate, stabilizer: polyvinylpyrrolidone, pyridoxine hydrochloride, anticaking agent: (magnesium stearate, silicon dioxide). Recommended Use: The recommended daily intake is 1 tablet for adults.  &nbsp;  &nbsp;  &nbsp;","og_url":"https:\/\/ghyildiz.com\/product\/magnesiumb6-complex\/","og_site_name":"GH YILDIZ","article_modified_time":"2024-08-21T11:57:10+00:00","og_image":[{"width":1000,"height":1000,"url":"https:\/\/ghyildiz.com\/wp-content\/uploads\/2024\/07\/MAGNESIUM-B6-COMPLEX.jpg","type":"image\/jpeg"}],"twitter_card":"summary_large_image","schema":{"@context":"https:\/\/schema.org","@graph":[{"@type":"WebPage","@id":"https:\/\/ghyildiz.com\/product\/magnesiumb6-complex\/","url":"https:\/\/ghyildiz.com\/product\/magnesiumb6-complex\/","name":"Magnesium+B6 Complex - GH YILDIZ","isPartOf":{"@id":"https:\/\/ghyildiz.com\/#website"},"primaryImageOfPage":{"@id":"https:\/\/ghyildiz.com\/product\/magnesiumb6-complex\/#primaryimage"},"image":{"@id":"https:\/\/ghyildiz.com\/product\/magnesiumb6-complex\/#primaryimage"},"thumbnailUrl":"https:\/\/ghyildiz.com\/wp-content\/uploads\/2024\/07\/MAGNESIUM-B6-COMPLEX.jpg","datePublished":"2024-07-23T13:50:49+00:00","dateModified":"2024-08-21T11:57:10+00:00","breadcrumb":{"@id":"https:\/\/ghyildiz.com\/product\/magnesiumb6-complex\/#breadcrumb"},"inLanguage":"tr","potentialAction":[{"@type":"ReadAction","target":["https:\/\/ghyildiz.com\/product\/magnesiumb6-complex\/"]}]},{"@type":"ImageObject","inLanguage":"tr","@id":"https:\/\/ghyildiz.com\/product\/magnesiumb6-complex\/#primaryimage","url":"https:\/\/ghyildiz.com\/wp-content\/uploads\/2024\/07\/MAGNESIUM-B6-COMPLEX.jpg","contentUrl":"https:\/\/ghyildiz.com\/wp-content\/uploads\/2024\/07\/MAGNESIUM-B6-COMPLEX.jpg","width":1000,"height":1000},{"@type":"BreadcrumbList","@id":"https:\/\/ghyildiz.com\/product\/magnesiumb6-complex\/#breadcrumb","itemListElement":[{"@type":"ListItem","position":1,"name":"Home","item":"https:\/\/ghyildiz.com\/tr\/"},{"@type":"ListItem","position":2,"name":"Shop","item":"https:\/\/ghyildiz.com\/shop\/"},{"@type":"ListItem","position":3,"name":"Magnesium+B6 Complex"}]},{"@type":"WebSite","@id":"https:\/\/ghyildiz.com\/#website","url":"https:\/\/ghyildiz.com\/","name":"GH YILDIZ","description":"\u0130LA\u00c7 ve KOZMET\u0130K","publisher":{"@id":"https:\/\/ghyildiz.com\/#organization"},"potentialAction":[{"@type":"SearchAction","target":{"@type":"EntryPoint","urlTemplate":"https:\/\/ghyildiz.com\/?s={search_term_string}"},"query-input":{"@type":"PropertyValueSpecification","valueRequired":true,"valueName":"search_term_string"}}],"inLanguage":"tr"},{"@type":"Organization","@id":"https:\/\/ghyildiz.com\/#organization","name":"GH YILDIZ","url":"https:\/\/ghyildiz.com\/","logo":{"@type":"ImageObject","inLanguage":"tr","@id":"https:\/\/ghyildiz.com\/#\/schema\/logo\/image\/","url":"https:\/\/ghyildiz.com\/wp-content\/uploads\/2024\/07\/logo.png","contentUrl":"https:\/\/ghyildiz.com\/wp-content\/uploads\/2024\/07\/logo.png","width":1690,"height":290,"caption":"GH YILDIZ"},"image":{"@id":"https:\/\/ghyildiz.com\/#\/schema\/logo\/image\/"}}]}},"_links":{"self":[{"href":"https:\/\/ghyildiz.com\/tr\/wp-json\/wp\/v2\/product\/880","targetHints":{"allow":["GET"]}}],"collection":[{"href":"https:\/\/ghyildiz.com\/tr\/wp-json\/wp\/v2\/product"}],"about":[{"href":"https:\/\/ghyildiz.com\/tr\/wp-json\/wp\/v2\/types\/product"}],"wp:featuredmedia":[{"embeddable":true,"href":"https:\/\/ghyildiz.com\/tr\/wp-json\/wp\/v2\/media\/883"}],"wp:attachment":[{"href":"https:\/\/ghyildiz.com\/tr\/wp-json\/wp\/v2\/media?parent=880"}],"wp:term":[{"taxonomy":"product_brand","embeddable":true,"href":"https:\/\/ghyildiz.com\/tr\/wp-json\/wp\/v2\/product_brand?post=880"},{"taxonomy":"product_cat","embeddable":true,"href":"https:\/\/ghyildiz.com\/tr\/wp-json\/wp\/v2\/product_cat?post=880"},{"taxonomy":"product_tag","embeddable":true,"href":"https:\/\/ghyildiz.com\/tr\/wp-json\/wp\/v2\/product_tag?post=880"}],"curies":[{"name":"wp","href":"https:\/\/api.w.org\/{rel}","templated":true}]}}