{"id":561,"date":"2024-07-18T15:19:54","date_gmt":"2024-07-18T12:19:54","guid":{"rendered":"https:\/\/ghyildiz.com\/?post_type=product&#038;p=561"},"modified":"2024-08-21T15:01:46","modified_gmt":"2024-08-21T12:01:46","slug":"vitamin-b-complex","status":"publish","type":"product","link":"https:\/\/ghyildiz.com\/tr\/product\/vitamin-b-complex\/","title":{"rendered":"Vitamin B Complex"},"content":{"rendered":"<p>Vitamin B Complex 60 Capsules<\/p>\n","protected":false},"excerpt":{"rendered":"<ul>\n<li>T\u00fcm B vitaminlerini bir arada bulunduran besin takviyesidir.<\/li>\n<\/ul>\n<p>&nbsp;<\/p>\n<p style=\"text-align: left\">&#8220;Thiamine (vitamin B1), B3 (niacin), Pantothenic acid, Biotin, B12, B6, B2 contribute to normal energy-yielding metabolism.&#8221;<br \/>\n&#8220;Vitamins B6, B12 contribute to normal homocysteine \u200b\u200bmetabolism.&#8221;<br \/>\n&#8220;Vitamins B6, B12 contribute to the normal function of the immune system.&#8221;<br \/>\n&#8220;Vitamins B2, B3 (niacin), Pantothenic acid, B6, B12 contribute to the reduction of fatigue and fatigue.&#8221;<\/p>\n<p><img fetchpriority=\"high\" decoding=\"async\" class=\"alignnone wp-image-634\" src=\"https:\/\/ghyildiz.com\/wp-content\/uploads\/2024\/07\/Ekran-goruntusu-2024-07-18-162811-9.jpg\" alt=\"\" width=\"400\" height=\"309\" srcset=\"https:\/\/ghyildiz.com\/wp-content\/uploads\/2024\/07\/Ekran-goruntusu-2024-07-18-162811-9.jpg 962w, https:\/\/ghyildiz.com\/wp-content\/uploads\/2024\/07\/Ekran-goruntusu-2024-07-18-162811-9-300x231.jpg 300w, https:\/\/ghyildiz.com\/wp-content\/uploads\/2024\/07\/Ekran-goruntusu-2024-07-18-162811-9-768x592.jpg 768w, https:\/\/ghyildiz.com\/wp-content\/uploads\/2024\/07\/Ekran-goruntusu-2024-07-18-162811-9-600x463.jpg 600w\" sizes=\"(max-width: 400px) 100vw, 400px\" \/><\/p>\n<p><strong>Ingredients:<\/strong><br \/>\nInositol, choline bitartrate, capsule, niacin (vitamin B3), corn starch, d-calcium pantothenate (vitamin B5), pyridoxal 5-phosphate (vitamin B6), thiamine mononitrate (vitamin B1), riboflavin, anti-caking agent: magnesium stearate, calcium l-methylfolate, d-biotin, methylcobalamin (vitamin B12).<\/p>\n<p><strong>Recommended Use:<\/strong><br \/>\nAs a supplementary food, preferably after meals 1 capsule\/day.<\/p>\n<p>&nbsp;<\/p>\n<p>&nbsp;<\/p>\n<p>&nbsp;<\/p>\n","protected":false},"featured_media":562,"template":"","meta":{"_bst_post_transparent":"default","_bst_post_title":"","_bst_post_layout":"default","_bst_post_sidebar_id":"","_bst_post_content_style":"default","_bst_post_vertical_padding":"default","_bst_post_feature":"","_bst_post_feature_position":"","_bst_post_header":false,"_bst_post_footer":false},"product_brand":[],"product_cat":[83],"product_tag":[],"class_list":{"0":"post-561","1":"product","2":"type-product","3":"status-publish","4":"has-post-thumbnail","6":"product_cat-vitamins-and-minerals","8":"first","9":"instock","10":"shipping-taxable","11":"product-type-simple","12":"entry","13":"content-bg","14":"loop-entry"},"yoast_head":"<!-- This site is optimized with the Yoast SEO plugin v27.0 - https:\/\/yoast.com\/product\/yoast-seo-wordpress\/ -->\n<title>Vitamin B Complex - GH YILDIZ<\/title>\n<meta name=\"robots\" content=\"index, follow, max-snippet:-1, max-image-preview:large, max-video-preview:-1\" \/>\n<link rel=\"canonical\" href=\"https:\/\/ghyildiz.com\/product\/vitamin-b-complex\/\" \/>\n<meta property=\"og:locale\" content=\"tr_TR\" \/>\n<meta property=\"og:type\" content=\"article\" \/>\n<meta property=\"og:title\" content=\"Vitamin B Complex - GH YILDIZ\" \/>\n<meta property=\"og:description\" content=\"T\u00fcm B vitaminlerini bir arada bulunduran besin takviyesidir.  &nbsp; &quot;Thiamine (vitamin B1), B3 (niacin), Pantothenic acid, Biotin, B12, B6, B2 contribute to normal energy-yielding metabolism.&quot; &quot;Vitamins B6, B12 contribute to normal homocysteine \u200b\u200bmetabolism.&quot; &quot;Vitamins B6, B12 contribute to the normal function of the immune system.&quot; &quot;Vitamins B2, B3 (niacin), Pantothenic acid, B6, B12 contribute to the reduction of fatigue and fatigue.&quot;   Ingredients: Inositol, choline bitartrate, capsule, niacin (vitamin B3), corn starch, d-calcium pantothenate (vitamin B5), pyridoxal 5-phosphate (vitamin B6), thiamine mononitrate (vitamin B1), riboflavin, anti-caking agent: magnesium stearate, calcium l-methylfolate, d-biotin, methylcobalamin (vitamin B12).  Recommended Use: As a supplementary food, preferably after meals 1 capsule\/day.  &nbsp;  &nbsp;  &nbsp;\" \/>\n<meta property=\"og:url\" content=\"https:\/\/ghyildiz.com\/product\/vitamin-b-complex\/\" \/>\n<meta property=\"og:site_name\" content=\"GH YILDIZ\" \/>\n<meta property=\"article:modified_time\" content=\"2024-08-21T12:01:46+00:00\" \/>\n<meta property=\"og:image\" content=\"https:\/\/ghyildiz.com\/wp-content\/uploads\/2024\/07\/VITAMIN-B-COMPLEX.jpg\" \/>\n\t<meta property=\"og:image:width\" content=\"1000\" \/>\n\t<meta property=\"og:image:height\" content=\"1000\" \/>\n\t<meta property=\"og:image:type\" content=\"image\/jpeg\" \/>\n<meta name=\"twitter:card\" content=\"summary_large_image\" \/>\n<script type=\"application\/ld+json\" class=\"yoast-schema-graph\">{\"@context\":\"https:\/\/schema.org\",\"@graph\":[{\"@type\":\"WebPage\",\"@id\":\"https:\/\/ghyildiz.com\/product\/vitamin-b-complex\/\",\"url\":\"https:\/\/ghyildiz.com\/product\/vitamin-b-complex\/\",\"name\":\"Vitamin B Complex - GH YILDIZ\",\"isPartOf\":{\"@id\":\"https:\/\/ghyildiz.com\/#website\"},\"primaryImageOfPage\":{\"@id\":\"https:\/\/ghyildiz.com\/product\/vitamin-b-complex\/#primaryimage\"},\"image\":{\"@id\":\"https:\/\/ghyildiz.com\/product\/vitamin-b-complex\/#primaryimage\"},\"thumbnailUrl\":\"https:\/\/ghyildiz.com\/wp-content\/uploads\/2024\/07\/VITAMIN-B-COMPLEX.jpg\",\"datePublished\":\"2024-07-18T12:19:54+00:00\",\"dateModified\":\"2024-08-21T12:01:46+00:00\",\"breadcrumb\":{\"@id\":\"https:\/\/ghyildiz.com\/product\/vitamin-b-complex\/#breadcrumb\"},\"inLanguage\":\"tr\",\"potentialAction\":[{\"@type\":\"ReadAction\",\"target\":[\"https:\/\/ghyildiz.com\/product\/vitamin-b-complex\/\"]}]},{\"@type\":\"ImageObject\",\"inLanguage\":\"tr\",\"@id\":\"https:\/\/ghyildiz.com\/product\/vitamin-b-complex\/#primaryimage\",\"url\":\"https:\/\/ghyildiz.com\/wp-content\/uploads\/2024\/07\/VITAMIN-B-COMPLEX.jpg\",\"contentUrl\":\"https:\/\/ghyildiz.com\/wp-content\/uploads\/2024\/07\/VITAMIN-B-COMPLEX.jpg\",\"width\":1000,\"height\":1000},{\"@type\":\"BreadcrumbList\",\"@id\":\"https:\/\/ghyildiz.com\/product\/vitamin-b-complex\/#breadcrumb\",\"itemListElement\":[{\"@type\":\"ListItem\",\"position\":1,\"name\":\"Home\",\"item\":\"https:\/\/ghyildiz.com\/tr\/\"},{\"@type\":\"ListItem\",\"position\":2,\"name\":\"Shop\",\"item\":\"https:\/\/ghyildiz.com\/shop\/\"},{\"@type\":\"ListItem\",\"position\":3,\"name\":\"Vitamin B Complex\"}]},{\"@type\":\"WebSite\",\"@id\":\"https:\/\/ghyildiz.com\/#website\",\"url\":\"https:\/\/ghyildiz.com\/\",\"name\":\"GH YILDIZ\",\"description\":\"\u0130LA\u00c7 ve KOZMET\u0130K\",\"publisher\":{\"@id\":\"https:\/\/ghyildiz.com\/#organization\"},\"potentialAction\":[{\"@type\":\"SearchAction\",\"target\":{\"@type\":\"EntryPoint\",\"urlTemplate\":\"https:\/\/ghyildiz.com\/?s={search_term_string}\"},\"query-input\":{\"@type\":\"PropertyValueSpecification\",\"valueRequired\":true,\"valueName\":\"search_term_string\"}}],\"inLanguage\":\"tr\"},{\"@type\":\"Organization\",\"@id\":\"https:\/\/ghyildiz.com\/#organization\",\"name\":\"GH YILDIZ\",\"url\":\"https:\/\/ghyildiz.com\/\",\"logo\":{\"@type\":\"ImageObject\",\"inLanguage\":\"tr\",\"@id\":\"https:\/\/ghyildiz.com\/#\/schema\/logo\/image\/\",\"url\":\"https:\/\/ghyildiz.com\/wp-content\/uploads\/2024\/07\/logo.png\",\"contentUrl\":\"https:\/\/ghyildiz.com\/wp-content\/uploads\/2024\/07\/logo.png\",\"width\":1690,\"height\":290,\"caption\":\"GH YILDIZ\"},\"image\":{\"@id\":\"https:\/\/ghyildiz.com\/#\/schema\/logo\/image\/\"}}]}<\/script>\n<!-- \/ Yoast SEO plugin. -->","yoast_head_json":{"title":"Vitamin B Complex - GH YILDIZ","robots":{"index":"index","follow":"follow","max-snippet":"max-snippet:-1","max-image-preview":"max-image-preview:large","max-video-preview":"max-video-preview:-1"},"canonical":"https:\/\/ghyildiz.com\/product\/vitamin-b-complex\/","og_locale":"tr_TR","og_type":"article","og_title":"Vitamin B Complex - GH YILDIZ","og_description":"T\u00fcm B vitaminlerini bir arada bulunduran besin takviyesidir.  &nbsp; \"Thiamine (vitamin B1), B3 (niacin), Pantothenic acid, Biotin, B12, B6, B2 contribute to normal energy-yielding metabolism.\" \"Vitamins B6, B12 contribute to normal homocysteine \u200b\u200bmetabolism.\" \"Vitamins B6, B12 contribute to the normal function of the immune system.\" \"Vitamins B2, B3 (niacin), Pantothenic acid, B6, B12 contribute to the reduction of fatigue and fatigue.\"   Ingredients: Inositol, choline bitartrate, capsule, niacin (vitamin B3), corn starch, d-calcium pantothenate (vitamin B5), pyridoxal 5-phosphate (vitamin B6), thiamine mononitrate (vitamin B1), riboflavin, anti-caking agent: magnesium stearate, calcium l-methylfolate, d-biotin, methylcobalamin (vitamin B12).  Recommended Use: As a supplementary food, preferably after meals 1 capsule\/day.  &nbsp;  &nbsp;  &nbsp;","og_url":"https:\/\/ghyildiz.com\/product\/vitamin-b-complex\/","og_site_name":"GH YILDIZ","article_modified_time":"2024-08-21T12:01:46+00:00","og_image":[{"width":1000,"height":1000,"url":"https:\/\/ghyildiz.com\/wp-content\/uploads\/2024\/07\/VITAMIN-B-COMPLEX.jpg","type":"image\/jpeg"}],"twitter_card":"summary_large_image","schema":{"@context":"https:\/\/schema.org","@graph":[{"@type":"WebPage","@id":"https:\/\/ghyildiz.com\/product\/vitamin-b-complex\/","url":"https:\/\/ghyildiz.com\/product\/vitamin-b-complex\/","name":"Vitamin B Complex - GH YILDIZ","isPartOf":{"@id":"https:\/\/ghyildiz.com\/#website"},"primaryImageOfPage":{"@id":"https:\/\/ghyildiz.com\/product\/vitamin-b-complex\/#primaryimage"},"image":{"@id":"https:\/\/ghyildiz.com\/product\/vitamin-b-complex\/#primaryimage"},"thumbnailUrl":"https:\/\/ghyildiz.com\/wp-content\/uploads\/2024\/07\/VITAMIN-B-COMPLEX.jpg","datePublished":"2024-07-18T12:19:54+00:00","dateModified":"2024-08-21T12:01:46+00:00","breadcrumb":{"@id":"https:\/\/ghyildiz.com\/product\/vitamin-b-complex\/#breadcrumb"},"inLanguage":"tr","potentialAction":[{"@type":"ReadAction","target":["https:\/\/ghyildiz.com\/product\/vitamin-b-complex\/"]}]},{"@type":"ImageObject","inLanguage":"tr","@id":"https:\/\/ghyildiz.com\/product\/vitamin-b-complex\/#primaryimage","url":"https:\/\/ghyildiz.com\/wp-content\/uploads\/2024\/07\/VITAMIN-B-COMPLEX.jpg","contentUrl":"https:\/\/ghyildiz.com\/wp-content\/uploads\/2024\/07\/VITAMIN-B-COMPLEX.jpg","width":1000,"height":1000},{"@type":"BreadcrumbList","@id":"https:\/\/ghyildiz.com\/product\/vitamin-b-complex\/#breadcrumb","itemListElement":[{"@type":"ListItem","position":1,"name":"Home","item":"https:\/\/ghyildiz.com\/tr\/"},{"@type":"ListItem","position":2,"name":"Shop","item":"https:\/\/ghyildiz.com\/shop\/"},{"@type":"ListItem","position":3,"name":"Vitamin B Complex"}]},{"@type":"WebSite","@id":"https:\/\/ghyildiz.com\/#website","url":"https:\/\/ghyildiz.com\/","name":"GH YILDIZ","description":"\u0130LA\u00c7 ve KOZMET\u0130K","publisher":{"@id":"https:\/\/ghyildiz.com\/#organization"},"potentialAction":[{"@type":"SearchAction","target":{"@type":"EntryPoint","urlTemplate":"https:\/\/ghyildiz.com\/?s={search_term_string}"},"query-input":{"@type":"PropertyValueSpecification","valueRequired":true,"valueName":"search_term_string"}}],"inLanguage":"tr"},{"@type":"Organization","@id":"https:\/\/ghyildiz.com\/#organization","name":"GH YILDIZ","url":"https:\/\/ghyildiz.com\/","logo":{"@type":"ImageObject","inLanguage":"tr","@id":"https:\/\/ghyildiz.com\/#\/schema\/logo\/image\/","url":"https:\/\/ghyildiz.com\/wp-content\/uploads\/2024\/07\/logo.png","contentUrl":"https:\/\/ghyildiz.com\/wp-content\/uploads\/2024\/07\/logo.png","width":1690,"height":290,"caption":"GH YILDIZ"},"image":{"@id":"https:\/\/ghyildiz.com\/#\/schema\/logo\/image\/"}}]}},"_links":{"self":[{"href":"https:\/\/ghyildiz.com\/tr\/wp-json\/wp\/v2\/product\/561","targetHints":{"allow":["GET"]}}],"collection":[{"href":"https:\/\/ghyildiz.com\/tr\/wp-json\/wp\/v2\/product"}],"about":[{"href":"https:\/\/ghyildiz.com\/tr\/wp-json\/wp\/v2\/types\/product"}],"wp:featuredmedia":[{"embeddable":true,"href":"https:\/\/ghyildiz.com\/tr\/wp-json\/wp\/v2\/media\/562"}],"wp:attachment":[{"href":"https:\/\/ghyildiz.com\/tr\/wp-json\/wp\/v2\/media?parent=561"}],"wp:term":[{"taxonomy":"product_brand","embeddable":true,"href":"https:\/\/ghyildiz.com\/tr\/wp-json\/wp\/v2\/product_brand?post=561"},{"taxonomy":"product_cat","embeddable":true,"href":"https:\/\/ghyildiz.com\/tr\/wp-json\/wp\/v2\/product_cat?post=561"},{"taxonomy":"product_tag","embeddable":true,"href":"https:\/\/ghyildiz.com\/tr\/wp-json\/wp\/v2\/product_tag?post=561"}],"curies":[{"name":"wp","href":"https:\/\/api.w.org\/{rel}","templated":true}]}}