{"id":549,"date":"2024-07-18T15:16:19","date_gmt":"2024-07-18T12:16:19","guid":{"rendered":"https:\/\/ghyildiz.com\/?post_type=product&#038;p=549"},"modified":"2024-07-19T11:40:57","modified_gmt":"2024-07-19T08:40:57","slug":"multivitamin-complex-for-women","status":"publish","type":"product","link":"https:\/\/ghyildiz.com\/tr\/product\/multivitamin-complex-for-women\/","title":{"rendered":"Multivitamin Complex for Women"},"content":{"rendered":"<p>Multivitamin Complex for Women 60 Tablets<\/p>\n","protected":false},"excerpt":{"rendered":"<ul>\n<li>Multivitamin Complex Multivitamin &amp; Mineral for Women<\/li>\n<\/ul>\n<p><img fetchpriority=\"high\" decoding=\"async\" class=\"wp-image-637 alignnone\" src=\"https:\/\/ghyildiz.com\/wp-content\/uploads\/2024\/07\/Ekran-goruntusu-2024-07-18-162811-12-300x245.jpg\" alt=\"\" width=\"324\" height=\"265\" srcset=\"https:\/\/ghyildiz.com\/wp-content\/uploads\/2024\/07\/Ekran-goruntusu-2024-07-18-162811-12-300x245.jpg 300w, https:\/\/ghyildiz.com\/wp-content\/uploads\/2024\/07\/Ekran-goruntusu-2024-07-18-162811-12-1024x835.jpg 1024w, https:\/\/ghyildiz.com\/wp-content\/uploads\/2024\/07\/Ekran-goruntusu-2024-07-18-162811-12-768x626.jpg 768w, https:\/\/ghyildiz.com\/wp-content\/uploads\/2024\/07\/Ekran-goruntusu-2024-07-18-162811-12-1536x1252.jpg 1536w, https:\/\/ghyildiz.com\/wp-content\/uploads\/2024\/07\/Ekran-goruntusu-2024-07-18-162811-12-2048x1669.jpg 2048w, https:\/\/ghyildiz.com\/wp-content\/uploads\/2024\/07\/Ekran-goruntusu-2024-07-18-162811-12-600x489.jpg 600w\" sizes=\"(max-width: 324px) 100vw, 324px\" \/><\/p>\n<p><strong>Ingredients:<\/strong><br \/>\nCalcium citrate, bulking agent (microcrystalline) cellulose), magnesium citrate, calcium ascorbate (vitamin C), stabilizer (polyvinylpyrrolidone), green tea extract, alpha lipoic acid, grape peel extract, dl-alpha tocopheryl acetate, orange peel powder, acai berry powder, cranberry berry powder, blueberry fruit powder, pomegranate seed powder, broccoli powder, spinach leaves powder, tomato fruit powder, elderberry powder, zinc bisglycinate chelate, nicotinamide, ferrous sulfate, I-selenomethionine, d-calcium pantothenate, sodium hyaluronate, collagen powder, choline bitartrate, inositol, silicon dioxide, anti-caking agent (magnesium stearate), lycopene, lutein, retinyl palmitate, pyridoxine hydrochloride, thiamine mononitrate, cholecalciferol, riboflavin, copper sulfate, manganese sulfate, chromium picolinate, potassium iodate, phytonadione, folic acid, biotin, zeaxanthin, sodium molybdate, astaxanthin, methylcobalamin (vitamin B12).<\/p>\n<p>R<strong>ecommended Use:<\/strong><br \/>\nAs a supplementary food, preferably after meals 1-2 tablet\/day.<\/p>\n<p>&nbsp;<\/p>\n<p>&nbsp;<\/p>\n<p>&nbsp;<\/p>\n","protected":false},"featured_media":550,"template":"","meta":{"_bst_post_transparent":"default","_bst_post_title":"","_bst_post_layout":"default","_bst_post_sidebar_id":"","_bst_post_content_style":"default","_bst_post_vertical_padding":"default","_bst_post_feature":"","_bst_post_feature_position":"","_bst_post_header":false,"_bst_post_footer":false},"product_brand":[],"product_cat":[83],"product_tag":[],"class_list":{"0":"post-549","1":"product","2":"type-product","3":"status-publish","4":"has-post-thumbnail","6":"product_cat-vitamins-and-minerals","8":"first","9":"instock","10":"shipping-taxable","11":"product-type-simple","12":"entry","13":"content-bg","14":"loop-entry"},"yoast_head":"<!-- This site is optimized with the Yoast SEO plugin v27.0 - https:\/\/yoast.com\/product\/yoast-seo-wordpress\/ -->\n<title>Multivitamin Complex for Women - GH YILDIZ<\/title>\n<meta name=\"robots\" content=\"index, follow, max-snippet:-1, max-image-preview:large, max-video-preview:-1\" \/>\n<link rel=\"canonical\" href=\"https:\/\/ghyildiz.com\/product\/multivitamin-complex-for-women\/\" \/>\n<meta property=\"og:locale\" content=\"tr_TR\" \/>\n<meta property=\"og:type\" content=\"article\" \/>\n<meta property=\"og:title\" content=\"Multivitamin Complex for Women - GH YILDIZ\" \/>\n<meta property=\"og:description\" content=\"Multivitamin Complex Multivitamin &amp; Mineral for Women    Ingredients: Calcium citrate, bulking agent (microcrystalline) cellulose), magnesium citrate, calcium ascorbate (vitamin C), stabilizer (polyvinylpyrrolidone), green tea extract, alpha lipoic acid, grape peel extract, dl-alpha tocopheryl acetate, orange peel powder, acai berry powder, cranberry berry powder, blueberry fruit powder, pomegranate seed powder, broccoli powder, spinach leaves powder, tomato fruit powder, elderberry powder, zinc bisglycinate chelate, nicotinamide, ferrous sulfate, I-selenomethionine, d-calcium pantothenate, sodium hyaluronate, collagen powder, choline bitartrate, inositol, silicon dioxide, anti-caking agent (magnesium stearate), lycopene, lutein, retinyl palmitate, pyridoxine hydrochloride, thiamine mononitrate, cholecalciferol, riboflavin, copper sulfate, manganese sulfate, chromium picolinate, potassium iodate, phytonadione, folic acid, biotin, zeaxanthin, sodium molybdate, astaxanthin, methylcobalamin (vitamin B12).  Recommended Use: As a supplementary food, preferably after meals 1-2 tablet\/day.  &nbsp;  &nbsp;  &nbsp;\" \/>\n<meta property=\"og:url\" content=\"https:\/\/ghyildiz.com\/product\/multivitamin-complex-for-women\/\" \/>\n<meta property=\"og:site_name\" content=\"GH YILDIZ\" \/>\n<meta property=\"article:modified_time\" content=\"2024-07-19T08:40:57+00:00\" \/>\n<meta property=\"og:image\" content=\"https:\/\/ghyildiz.com\/wp-content\/uploads\/2024\/07\/MULTIVITAMIN-COMPLEX-FOR-WOMEN.jpg\" \/>\n\t<meta property=\"og:image:width\" content=\"1000\" \/>\n\t<meta property=\"og:image:height\" content=\"1000\" \/>\n\t<meta property=\"og:image:type\" content=\"image\/jpeg\" \/>\n<meta name=\"twitter:card\" content=\"summary_large_image\" \/>\n<script type=\"application\/ld+json\" class=\"yoast-schema-graph\">{\"@context\":\"https:\/\/schema.org\",\"@graph\":[{\"@type\":\"WebPage\",\"@id\":\"https:\/\/ghyildiz.com\/product\/multivitamin-complex-for-women\/\",\"url\":\"https:\/\/ghyildiz.com\/product\/multivitamin-complex-for-women\/\",\"name\":\"Multivitamin Complex for Women - GH YILDIZ\",\"isPartOf\":{\"@id\":\"https:\/\/ghyildiz.com\/#website\"},\"primaryImageOfPage\":{\"@id\":\"https:\/\/ghyildiz.com\/product\/multivitamin-complex-for-women\/#primaryimage\"},\"image\":{\"@id\":\"https:\/\/ghyildiz.com\/product\/multivitamin-complex-for-women\/#primaryimage\"},\"thumbnailUrl\":\"https:\/\/ghyildiz.com\/wp-content\/uploads\/2024\/07\/MULTIVITAMIN-COMPLEX-FOR-WOMEN.jpg\",\"datePublished\":\"2024-07-18T12:16:19+00:00\",\"dateModified\":\"2024-07-19T08:40:57+00:00\",\"breadcrumb\":{\"@id\":\"https:\/\/ghyildiz.com\/product\/multivitamin-complex-for-women\/#breadcrumb\"},\"inLanguage\":\"tr\",\"potentialAction\":[{\"@type\":\"ReadAction\",\"target\":[\"https:\/\/ghyildiz.com\/product\/multivitamin-complex-for-women\/\"]}]},{\"@type\":\"ImageObject\",\"inLanguage\":\"tr\",\"@id\":\"https:\/\/ghyildiz.com\/product\/multivitamin-complex-for-women\/#primaryimage\",\"url\":\"https:\/\/ghyildiz.com\/wp-content\/uploads\/2024\/07\/MULTIVITAMIN-COMPLEX-FOR-WOMEN.jpg\",\"contentUrl\":\"https:\/\/ghyildiz.com\/wp-content\/uploads\/2024\/07\/MULTIVITAMIN-COMPLEX-FOR-WOMEN.jpg\",\"width\":1000,\"height\":1000},{\"@type\":\"BreadcrumbList\",\"@id\":\"https:\/\/ghyildiz.com\/product\/multivitamin-complex-for-women\/#breadcrumb\",\"itemListElement\":[{\"@type\":\"ListItem\",\"position\":1,\"name\":\"Home\",\"item\":\"https:\/\/ghyildiz.com\/tr\/\"},{\"@type\":\"ListItem\",\"position\":2,\"name\":\"Shop\",\"item\":\"https:\/\/ghyildiz.com\/shop\/\"},{\"@type\":\"ListItem\",\"position\":3,\"name\":\"Multivitamin Complex for Women\"}]},{\"@type\":\"WebSite\",\"@id\":\"https:\/\/ghyildiz.com\/#website\",\"url\":\"https:\/\/ghyildiz.com\/\",\"name\":\"GH YILDIZ\",\"description\":\"\u0130LA\u00c7 ve KOZMET\u0130K\",\"publisher\":{\"@id\":\"https:\/\/ghyildiz.com\/#organization\"},\"potentialAction\":[{\"@type\":\"SearchAction\",\"target\":{\"@type\":\"EntryPoint\",\"urlTemplate\":\"https:\/\/ghyildiz.com\/?s={search_term_string}\"},\"query-input\":{\"@type\":\"PropertyValueSpecification\",\"valueRequired\":true,\"valueName\":\"search_term_string\"}}],\"inLanguage\":\"tr\"},{\"@type\":\"Organization\",\"@id\":\"https:\/\/ghyildiz.com\/#organization\",\"name\":\"GH YILDIZ\",\"url\":\"https:\/\/ghyildiz.com\/\",\"logo\":{\"@type\":\"ImageObject\",\"inLanguage\":\"tr\",\"@id\":\"https:\/\/ghyildiz.com\/#\/schema\/logo\/image\/\",\"url\":\"https:\/\/ghyildiz.com\/wp-content\/uploads\/2024\/07\/logo.png\",\"contentUrl\":\"https:\/\/ghyildiz.com\/wp-content\/uploads\/2024\/07\/logo.png\",\"width\":1690,\"height\":290,\"caption\":\"GH YILDIZ\"},\"image\":{\"@id\":\"https:\/\/ghyildiz.com\/#\/schema\/logo\/image\/\"}}]}<\/script>\n<!-- \/ Yoast SEO plugin. -->","yoast_head_json":{"title":"Multivitamin Complex for Women - GH YILDIZ","robots":{"index":"index","follow":"follow","max-snippet":"max-snippet:-1","max-image-preview":"max-image-preview:large","max-video-preview":"max-video-preview:-1"},"canonical":"https:\/\/ghyildiz.com\/product\/multivitamin-complex-for-women\/","og_locale":"tr_TR","og_type":"article","og_title":"Multivitamin Complex for Women - GH YILDIZ","og_description":"Multivitamin Complex Multivitamin &amp; Mineral for Women    Ingredients: Calcium citrate, bulking agent (microcrystalline) cellulose), magnesium citrate, calcium ascorbate (vitamin C), stabilizer (polyvinylpyrrolidone), green tea extract, alpha lipoic acid, grape peel extract, dl-alpha tocopheryl acetate, orange peel powder, acai berry powder, cranberry berry powder, blueberry fruit powder, pomegranate seed powder, broccoli powder, spinach leaves powder, tomato fruit powder, elderberry powder, zinc bisglycinate chelate, nicotinamide, ferrous sulfate, I-selenomethionine, d-calcium pantothenate, sodium hyaluronate, collagen powder, choline bitartrate, inositol, silicon dioxide, anti-caking agent (magnesium stearate), lycopene, lutein, retinyl palmitate, pyridoxine hydrochloride, thiamine mononitrate, cholecalciferol, riboflavin, copper sulfate, manganese sulfate, chromium picolinate, potassium iodate, phytonadione, folic acid, biotin, zeaxanthin, sodium molybdate, astaxanthin, methylcobalamin (vitamin B12).  Recommended Use: As a supplementary food, preferably after meals 1-2 tablet\/day.  &nbsp;  &nbsp;  &nbsp;","og_url":"https:\/\/ghyildiz.com\/product\/multivitamin-complex-for-women\/","og_site_name":"GH YILDIZ","article_modified_time":"2024-07-19T08:40:57+00:00","og_image":[{"width":1000,"height":1000,"url":"https:\/\/ghyildiz.com\/wp-content\/uploads\/2024\/07\/MULTIVITAMIN-COMPLEX-FOR-WOMEN.jpg","type":"image\/jpeg"}],"twitter_card":"summary_large_image","schema":{"@context":"https:\/\/schema.org","@graph":[{"@type":"WebPage","@id":"https:\/\/ghyildiz.com\/product\/multivitamin-complex-for-women\/","url":"https:\/\/ghyildiz.com\/product\/multivitamin-complex-for-women\/","name":"Multivitamin Complex for Women - GH YILDIZ","isPartOf":{"@id":"https:\/\/ghyildiz.com\/#website"},"primaryImageOfPage":{"@id":"https:\/\/ghyildiz.com\/product\/multivitamin-complex-for-women\/#primaryimage"},"image":{"@id":"https:\/\/ghyildiz.com\/product\/multivitamin-complex-for-women\/#primaryimage"},"thumbnailUrl":"https:\/\/ghyildiz.com\/wp-content\/uploads\/2024\/07\/MULTIVITAMIN-COMPLEX-FOR-WOMEN.jpg","datePublished":"2024-07-18T12:16:19+00:00","dateModified":"2024-07-19T08:40:57+00:00","breadcrumb":{"@id":"https:\/\/ghyildiz.com\/product\/multivitamin-complex-for-women\/#breadcrumb"},"inLanguage":"tr","potentialAction":[{"@type":"ReadAction","target":["https:\/\/ghyildiz.com\/product\/multivitamin-complex-for-women\/"]}]},{"@type":"ImageObject","inLanguage":"tr","@id":"https:\/\/ghyildiz.com\/product\/multivitamin-complex-for-women\/#primaryimage","url":"https:\/\/ghyildiz.com\/wp-content\/uploads\/2024\/07\/MULTIVITAMIN-COMPLEX-FOR-WOMEN.jpg","contentUrl":"https:\/\/ghyildiz.com\/wp-content\/uploads\/2024\/07\/MULTIVITAMIN-COMPLEX-FOR-WOMEN.jpg","width":1000,"height":1000},{"@type":"BreadcrumbList","@id":"https:\/\/ghyildiz.com\/product\/multivitamin-complex-for-women\/#breadcrumb","itemListElement":[{"@type":"ListItem","position":1,"name":"Home","item":"https:\/\/ghyildiz.com\/tr\/"},{"@type":"ListItem","position":2,"name":"Shop","item":"https:\/\/ghyildiz.com\/shop\/"},{"@type":"ListItem","position":3,"name":"Multivitamin Complex for Women"}]},{"@type":"WebSite","@id":"https:\/\/ghyildiz.com\/#website","url":"https:\/\/ghyildiz.com\/","name":"GH YILDIZ","description":"\u0130LA\u00c7 ve KOZMET\u0130K","publisher":{"@id":"https:\/\/ghyildiz.com\/#organization"},"potentialAction":[{"@type":"SearchAction","target":{"@type":"EntryPoint","urlTemplate":"https:\/\/ghyildiz.com\/?s={search_term_string}"},"query-input":{"@type":"PropertyValueSpecification","valueRequired":true,"valueName":"search_term_string"}}],"inLanguage":"tr"},{"@type":"Organization","@id":"https:\/\/ghyildiz.com\/#organization","name":"GH YILDIZ","url":"https:\/\/ghyildiz.com\/","logo":{"@type":"ImageObject","inLanguage":"tr","@id":"https:\/\/ghyildiz.com\/#\/schema\/logo\/image\/","url":"https:\/\/ghyildiz.com\/wp-content\/uploads\/2024\/07\/logo.png","contentUrl":"https:\/\/ghyildiz.com\/wp-content\/uploads\/2024\/07\/logo.png","width":1690,"height":290,"caption":"GH YILDIZ"},"image":{"@id":"https:\/\/ghyildiz.com\/#\/schema\/logo\/image\/"}}]}},"_links":{"self":[{"href":"https:\/\/ghyildiz.com\/tr\/wp-json\/wp\/v2\/product\/549","targetHints":{"allow":["GET"]}}],"collection":[{"href":"https:\/\/ghyildiz.com\/tr\/wp-json\/wp\/v2\/product"}],"about":[{"href":"https:\/\/ghyildiz.com\/tr\/wp-json\/wp\/v2\/types\/product"}],"wp:featuredmedia":[{"embeddable":true,"href":"https:\/\/ghyildiz.com\/tr\/wp-json\/wp\/v2\/media\/550"}],"wp:attachment":[{"href":"https:\/\/ghyildiz.com\/tr\/wp-json\/wp\/v2\/media?parent=549"}],"wp:term":[{"taxonomy":"product_brand","embeddable":true,"href":"https:\/\/ghyildiz.com\/tr\/wp-json\/wp\/v2\/product_brand?post=549"},{"taxonomy":"product_cat","embeddable":true,"href":"https:\/\/ghyildiz.com\/tr\/wp-json\/wp\/v2\/product_cat?post=549"},{"taxonomy":"product_tag","embeddable":true,"href":"https:\/\/ghyildiz.com\/tr\/wp-json\/wp\/v2\/product_tag?post=549"}],"curies":[{"name":"wp","href":"https:\/\/api.w.org\/{rel}","templated":true}]}}