{"id":547,"date":"2024-07-18T15:15:58","date_gmt":"2024-07-18T12:15:58","guid":{"rendered":"https:\/\/ghyildiz.com\/?post_type=product&#038;p=547"},"modified":"2024-07-19T12:03:29","modified_gmt":"2024-07-19T09:03:29","slug":"multivitamin-complex-for-men","status":"publish","type":"product","link":"https:\/\/ghyildiz.com\/tr\/product\/multivitamin-complex-for-men\/","title":{"rendered":"Multivitamin Complex for Men"},"content":{"rendered":"<p>Multivitamin Complex for Men 60 Tablets<\/p>\n","protected":false},"excerpt":{"rendered":"<ul>\n<li>Multivitamin Complex Multivitamin &amp; Mineral for Men<\/li>\n<\/ul>\n<p><img fetchpriority=\"high\" decoding=\"async\" class=\"alignnone wp-image-639\" src=\"https:\/\/ghyildiz.com\/wp-content\/uploads\/2024\/07\/Ekran-goruntusu-2024-07-18-162811-13-300x232.jpg\" alt=\"\" width=\"325\" height=\"251\" srcset=\"https:\/\/ghyildiz.com\/wp-content\/uploads\/2024\/07\/Ekran-goruntusu-2024-07-18-162811-13-300x232.jpg 300w, https:\/\/ghyildiz.com\/wp-content\/uploads\/2024\/07\/Ekran-goruntusu-2024-07-18-162811-13-1024x791.jpg 1024w, https:\/\/ghyildiz.com\/wp-content\/uploads\/2024\/07\/Ekran-goruntusu-2024-07-18-162811-13-768x593.jpg 768w, https:\/\/ghyildiz.com\/wp-content\/uploads\/2024\/07\/Ekran-goruntusu-2024-07-18-162811-13-1536x1187.jpg 1536w, https:\/\/ghyildiz.com\/wp-content\/uploads\/2024\/07\/Ekran-goruntusu-2024-07-18-162811-13-2048x1582.jpg 2048w, https:\/\/ghyildiz.com\/wp-content\/uploads\/2024\/07\/Ekran-goruntusu-2024-07-18-162811-13-600x464.jpg 600w\" sizes=\"(max-width: 325px) 100vw, 325px\" \/><\/p>\n<p><strong>Ingredients:<\/strong> Calcium citrate, bulking agent (microcrystalline cellulose), magnesium citrate, calcium ascorbate (vitamin C), zinc bisglycinate chelate, I-carnitine tartrate, I-taurine, I-glutamine, I-methionine, stabilizer (polyvinylpyrrolidone), dl-alpha tocopheryl acetate, orange peel powder, acai berry powder, cranberry berry powder, blueberry berry powder, pomegranate seed powder, broccoli powder, spinach leaves powder, tomato fruit powder, elderberry powder, grape peel extract, nicotinamide, I-selenomethionine, green tea extract, d-calcium pantothenate, alpha lipoic acid, choline bitartrate, inositol, silicon dioxide, anti-caking agent (magnesium stearate), lutein, pumpkin seed powder, saw palmetto fruit extract, lycopene, retinyl palmitate, pyridoxine hydrochloride, thiamine mononitrate, cholecalciferol, riboflavin, copper sulfate, manganese sulfate, chromium picolinate, potassium iodate, phytonadione, folic acid, biotin, zeaxanthin, sodium molybdate, astaxanthin, methylcobalamin (vitamin B12).<\/p>\n<p><strong>Recommended Use:<\/strong> As a supplementary food, preferably after meals 1-2 tablet\/day.<\/p>\n<p>&nbsp;<\/p>\n","protected":false},"featured_media":548,"template":"","meta":{"_bst_post_transparent":"default","_bst_post_title":"","_bst_post_layout":"default","_bst_post_sidebar_id":"","_bst_post_content_style":"default","_bst_post_vertical_padding":"default","_bst_post_feature":"","_bst_post_feature_position":"","_bst_post_header":false,"_bst_post_footer":false},"product_brand":[],"product_cat":[83],"product_tag":[],"class_list":{"0":"post-547","1":"product","2":"type-product","3":"status-publish","4":"has-post-thumbnail","6":"product_cat-vitamins-and-minerals","8":"first","9":"instock","10":"shipping-taxable","11":"product-type-simple","12":"entry","13":"content-bg","14":"loop-entry"},"yoast_head":"<!-- This site is optimized with the Yoast SEO plugin v27.0 - https:\/\/yoast.com\/product\/yoast-seo-wordpress\/ -->\n<title>Multivitamin Complex for Men - GH YILDIZ<\/title>\n<meta name=\"robots\" content=\"index, follow, max-snippet:-1, max-image-preview:large, max-video-preview:-1\" \/>\n<link rel=\"canonical\" href=\"https:\/\/ghyildiz.com\/product\/multivitamin-complex-for-men\/\" \/>\n<meta property=\"og:locale\" content=\"tr_TR\" \/>\n<meta property=\"og:type\" content=\"article\" \/>\n<meta property=\"og:title\" content=\"Multivitamin Complex for Men - GH YILDIZ\" \/>\n<meta property=\"og:description\" content=\"Multivitamin Complex Multivitamin &amp; Mineral for Men    Ingredients: Calcium citrate, bulking agent (microcrystalline cellulose), magnesium citrate, calcium ascorbate (vitamin C), zinc bisglycinate chelate, I-carnitine tartrate, I-taurine, I-glutamine, I-methionine, stabilizer (polyvinylpyrrolidone), dl-alpha tocopheryl acetate, orange peel powder, acai berry powder, cranberry berry powder, blueberry berry powder, pomegranate seed powder, broccoli powder, spinach leaves powder, tomato fruit powder, elderberry powder, grape peel extract, nicotinamide, I-selenomethionine, green tea extract, d-calcium pantothenate, alpha lipoic acid, choline bitartrate, inositol, silicon dioxide, anti-caking agent (magnesium stearate), lutein, pumpkin seed powder, saw palmetto fruit extract, lycopene, retinyl palmitate, pyridoxine hydrochloride, thiamine mononitrate, cholecalciferol, riboflavin, copper sulfate, manganese sulfate, chromium picolinate, potassium iodate, phytonadione, folic acid, biotin, zeaxanthin, sodium molybdate, astaxanthin, methylcobalamin (vitamin B12).  Recommended Use: As a supplementary food, preferably after meals 1-2 tablet\/day.  &nbsp;\" \/>\n<meta property=\"og:url\" content=\"https:\/\/ghyildiz.com\/product\/multivitamin-complex-for-men\/\" \/>\n<meta property=\"og:site_name\" content=\"GH YILDIZ\" \/>\n<meta property=\"article:modified_time\" content=\"2024-07-19T09:03:29+00:00\" \/>\n<meta property=\"og:image\" content=\"https:\/\/ghyildiz.com\/wp-content\/uploads\/2024\/07\/MULTIVITAMIN-COMPLEX-FOR-MEN.jpg\" \/>\n\t<meta property=\"og:image:width\" content=\"1000\" \/>\n\t<meta property=\"og:image:height\" content=\"1000\" \/>\n\t<meta property=\"og:image:type\" content=\"image\/jpeg\" \/>\n<meta name=\"twitter:card\" content=\"summary_large_image\" \/>\n<script type=\"application\/ld+json\" class=\"yoast-schema-graph\">{\"@context\":\"https:\/\/schema.org\",\"@graph\":[{\"@type\":\"WebPage\",\"@id\":\"https:\/\/ghyildiz.com\/product\/multivitamin-complex-for-men\/\",\"url\":\"https:\/\/ghyildiz.com\/product\/multivitamin-complex-for-men\/\",\"name\":\"Multivitamin Complex for Men - GH YILDIZ\",\"isPartOf\":{\"@id\":\"https:\/\/ghyildiz.com\/#website\"},\"primaryImageOfPage\":{\"@id\":\"https:\/\/ghyildiz.com\/product\/multivitamin-complex-for-men\/#primaryimage\"},\"image\":{\"@id\":\"https:\/\/ghyildiz.com\/product\/multivitamin-complex-for-men\/#primaryimage\"},\"thumbnailUrl\":\"https:\/\/ghyildiz.com\/wp-content\/uploads\/2024\/07\/MULTIVITAMIN-COMPLEX-FOR-MEN.jpg\",\"datePublished\":\"2024-07-18T12:15:58+00:00\",\"dateModified\":\"2024-07-19T09:03:29+00:00\",\"breadcrumb\":{\"@id\":\"https:\/\/ghyildiz.com\/product\/multivitamin-complex-for-men\/#breadcrumb\"},\"inLanguage\":\"tr\",\"potentialAction\":[{\"@type\":\"ReadAction\",\"target\":[\"https:\/\/ghyildiz.com\/product\/multivitamin-complex-for-men\/\"]}]},{\"@type\":\"ImageObject\",\"inLanguage\":\"tr\",\"@id\":\"https:\/\/ghyildiz.com\/product\/multivitamin-complex-for-men\/#primaryimage\",\"url\":\"https:\/\/ghyildiz.com\/wp-content\/uploads\/2024\/07\/MULTIVITAMIN-COMPLEX-FOR-MEN.jpg\",\"contentUrl\":\"https:\/\/ghyildiz.com\/wp-content\/uploads\/2024\/07\/MULTIVITAMIN-COMPLEX-FOR-MEN.jpg\",\"width\":1000,\"height\":1000},{\"@type\":\"BreadcrumbList\",\"@id\":\"https:\/\/ghyildiz.com\/product\/multivitamin-complex-for-men\/#breadcrumb\",\"itemListElement\":[{\"@type\":\"ListItem\",\"position\":1,\"name\":\"Home\",\"item\":\"https:\/\/ghyildiz.com\/tr\/\"},{\"@type\":\"ListItem\",\"position\":2,\"name\":\"Shop\",\"item\":\"https:\/\/ghyildiz.com\/shop\/\"},{\"@type\":\"ListItem\",\"position\":3,\"name\":\"Multivitamin Complex for Men\"}]},{\"@type\":\"WebSite\",\"@id\":\"https:\/\/ghyildiz.com\/#website\",\"url\":\"https:\/\/ghyildiz.com\/\",\"name\":\"GH YILDIZ\",\"description\":\"\u0130LA\u00c7 ve KOZMET\u0130K\",\"publisher\":{\"@id\":\"https:\/\/ghyildiz.com\/#organization\"},\"potentialAction\":[{\"@type\":\"SearchAction\",\"target\":{\"@type\":\"EntryPoint\",\"urlTemplate\":\"https:\/\/ghyildiz.com\/?s={search_term_string}\"},\"query-input\":{\"@type\":\"PropertyValueSpecification\",\"valueRequired\":true,\"valueName\":\"search_term_string\"}}],\"inLanguage\":\"tr\"},{\"@type\":\"Organization\",\"@id\":\"https:\/\/ghyildiz.com\/#organization\",\"name\":\"GH YILDIZ\",\"url\":\"https:\/\/ghyildiz.com\/\",\"logo\":{\"@type\":\"ImageObject\",\"inLanguage\":\"tr\",\"@id\":\"https:\/\/ghyildiz.com\/#\/schema\/logo\/image\/\",\"url\":\"https:\/\/ghyildiz.com\/wp-content\/uploads\/2024\/07\/logo.png\",\"contentUrl\":\"https:\/\/ghyildiz.com\/wp-content\/uploads\/2024\/07\/logo.png\",\"width\":1690,\"height\":290,\"caption\":\"GH YILDIZ\"},\"image\":{\"@id\":\"https:\/\/ghyildiz.com\/#\/schema\/logo\/image\/\"}}]}<\/script>\n<!-- \/ Yoast SEO plugin. -->","yoast_head_json":{"title":"Multivitamin Complex for Men - GH YILDIZ","robots":{"index":"index","follow":"follow","max-snippet":"max-snippet:-1","max-image-preview":"max-image-preview:large","max-video-preview":"max-video-preview:-1"},"canonical":"https:\/\/ghyildiz.com\/product\/multivitamin-complex-for-men\/","og_locale":"tr_TR","og_type":"article","og_title":"Multivitamin Complex for Men - GH YILDIZ","og_description":"Multivitamin Complex Multivitamin &amp; Mineral for Men    Ingredients: Calcium citrate, bulking agent (microcrystalline cellulose), magnesium citrate, calcium ascorbate (vitamin C), zinc bisglycinate chelate, I-carnitine tartrate, I-taurine, I-glutamine, I-methionine, stabilizer (polyvinylpyrrolidone), dl-alpha tocopheryl acetate, orange peel powder, acai berry powder, cranberry berry powder, blueberry berry powder, pomegranate seed powder, broccoli powder, spinach leaves powder, tomato fruit powder, elderberry powder, grape peel extract, nicotinamide, I-selenomethionine, green tea extract, d-calcium pantothenate, alpha lipoic acid, choline bitartrate, inositol, silicon dioxide, anti-caking agent (magnesium stearate), lutein, pumpkin seed powder, saw palmetto fruit extract, lycopene, retinyl palmitate, pyridoxine hydrochloride, thiamine mononitrate, cholecalciferol, riboflavin, copper sulfate, manganese sulfate, chromium picolinate, potassium iodate, phytonadione, folic acid, biotin, zeaxanthin, sodium molybdate, astaxanthin, methylcobalamin (vitamin B12).  Recommended Use: As a supplementary food, preferably after meals 1-2 tablet\/day.  &nbsp;","og_url":"https:\/\/ghyildiz.com\/product\/multivitamin-complex-for-men\/","og_site_name":"GH YILDIZ","article_modified_time":"2024-07-19T09:03:29+00:00","og_image":[{"width":1000,"height":1000,"url":"https:\/\/ghyildiz.com\/wp-content\/uploads\/2024\/07\/MULTIVITAMIN-COMPLEX-FOR-MEN.jpg","type":"image\/jpeg"}],"twitter_card":"summary_large_image","schema":{"@context":"https:\/\/schema.org","@graph":[{"@type":"WebPage","@id":"https:\/\/ghyildiz.com\/product\/multivitamin-complex-for-men\/","url":"https:\/\/ghyildiz.com\/product\/multivitamin-complex-for-men\/","name":"Multivitamin Complex for Men - GH YILDIZ","isPartOf":{"@id":"https:\/\/ghyildiz.com\/#website"},"primaryImageOfPage":{"@id":"https:\/\/ghyildiz.com\/product\/multivitamin-complex-for-men\/#primaryimage"},"image":{"@id":"https:\/\/ghyildiz.com\/product\/multivitamin-complex-for-men\/#primaryimage"},"thumbnailUrl":"https:\/\/ghyildiz.com\/wp-content\/uploads\/2024\/07\/MULTIVITAMIN-COMPLEX-FOR-MEN.jpg","datePublished":"2024-07-18T12:15:58+00:00","dateModified":"2024-07-19T09:03:29+00:00","breadcrumb":{"@id":"https:\/\/ghyildiz.com\/product\/multivitamin-complex-for-men\/#breadcrumb"},"inLanguage":"tr","potentialAction":[{"@type":"ReadAction","target":["https:\/\/ghyildiz.com\/product\/multivitamin-complex-for-men\/"]}]},{"@type":"ImageObject","inLanguage":"tr","@id":"https:\/\/ghyildiz.com\/product\/multivitamin-complex-for-men\/#primaryimage","url":"https:\/\/ghyildiz.com\/wp-content\/uploads\/2024\/07\/MULTIVITAMIN-COMPLEX-FOR-MEN.jpg","contentUrl":"https:\/\/ghyildiz.com\/wp-content\/uploads\/2024\/07\/MULTIVITAMIN-COMPLEX-FOR-MEN.jpg","width":1000,"height":1000},{"@type":"BreadcrumbList","@id":"https:\/\/ghyildiz.com\/product\/multivitamin-complex-for-men\/#breadcrumb","itemListElement":[{"@type":"ListItem","position":1,"name":"Home","item":"https:\/\/ghyildiz.com\/tr\/"},{"@type":"ListItem","position":2,"name":"Shop","item":"https:\/\/ghyildiz.com\/shop\/"},{"@type":"ListItem","position":3,"name":"Multivitamin Complex for Men"}]},{"@type":"WebSite","@id":"https:\/\/ghyildiz.com\/#website","url":"https:\/\/ghyildiz.com\/","name":"GH YILDIZ","description":"\u0130LA\u00c7 ve KOZMET\u0130K","publisher":{"@id":"https:\/\/ghyildiz.com\/#organization"},"potentialAction":[{"@type":"SearchAction","target":{"@type":"EntryPoint","urlTemplate":"https:\/\/ghyildiz.com\/?s={search_term_string}"},"query-input":{"@type":"PropertyValueSpecification","valueRequired":true,"valueName":"search_term_string"}}],"inLanguage":"tr"},{"@type":"Organization","@id":"https:\/\/ghyildiz.com\/#organization","name":"GH YILDIZ","url":"https:\/\/ghyildiz.com\/","logo":{"@type":"ImageObject","inLanguage":"tr","@id":"https:\/\/ghyildiz.com\/#\/schema\/logo\/image\/","url":"https:\/\/ghyildiz.com\/wp-content\/uploads\/2024\/07\/logo.png","contentUrl":"https:\/\/ghyildiz.com\/wp-content\/uploads\/2024\/07\/logo.png","width":1690,"height":290,"caption":"GH YILDIZ"},"image":{"@id":"https:\/\/ghyildiz.com\/#\/schema\/logo\/image\/"}}]}},"_links":{"self":[{"href":"https:\/\/ghyildiz.com\/tr\/wp-json\/wp\/v2\/product\/547","targetHints":{"allow":["GET"]}}],"collection":[{"href":"https:\/\/ghyildiz.com\/tr\/wp-json\/wp\/v2\/product"}],"about":[{"href":"https:\/\/ghyildiz.com\/tr\/wp-json\/wp\/v2\/types\/product"}],"wp:featuredmedia":[{"embeddable":true,"href":"https:\/\/ghyildiz.com\/tr\/wp-json\/wp\/v2\/media\/548"}],"wp:attachment":[{"href":"https:\/\/ghyildiz.com\/tr\/wp-json\/wp\/v2\/media?parent=547"}],"wp:term":[{"taxonomy":"product_brand","embeddable":true,"href":"https:\/\/ghyildiz.com\/tr\/wp-json\/wp\/v2\/product_brand?post=547"},{"taxonomy":"product_cat","embeddable":true,"href":"https:\/\/ghyildiz.com\/tr\/wp-json\/wp\/v2\/product_cat?post=547"},{"taxonomy":"product_tag","embeddable":true,"href":"https:\/\/ghyildiz.com\/tr\/wp-json\/wp\/v2\/product_tag?post=547"}],"curies":[{"name":"wp","href":"https:\/\/api.w.org\/{rel}","templated":true}]}}