{"id":534,"date":"2024-07-18T15:13:56","date_gmt":"2024-07-18T12:13:56","guid":{"rendered":"https:\/\/ghyildiz.com\/?post_type=product&#038;p=534"},"modified":"2024-08-21T15:28:58","modified_gmt":"2024-08-21T12:28:58","slug":"gentle-iron-cofactors","status":"publish","type":"product","link":"https:\/\/ghyildiz.com\/tr\/product\/gentle-iron-cofactors\/","title":{"rendered":"Gentle Iron &amp; Cofactors"},"content":{"rendered":"<p>Gentle Iron &amp; Cofactors 60 Capsules<\/p>\n","protected":false},"excerpt":{"rendered":"<ul>\n<li>It is a highly absorbable, chelated iron supplement that does not cause stomach and intestinal sensitivity.<\/li>\n<\/ul>\n<p>\u201cIron contributes to the normal formation of red blood cells and hemoglobin.\u201d<br \/>\n\u201cIron contributes to normal oxygen transport and normal energy-yielding metabolism in the body.\u201d<\/p>\n<p><img decoding=\"async\" class=\"alignnone size-medium wp-image-643\" src=\"https:\/\/ghyildiz.com\/wp-content\/uploads\/2024\/07\/Ekran-goruntusu-2024-07-18-162811-15-300x156.jpg\" alt=\"\" width=\"300\" height=\"156\" srcset=\"https:\/\/ghyildiz.com\/wp-content\/uploads\/2024\/07\/Ekran-goruntusu-2024-07-18-162811-15-300x156.jpg 300w, https:\/\/ghyildiz.com\/wp-content\/uploads\/2024\/07\/Ekran-goruntusu-2024-07-18-162811-15-1024x533.jpg 1024w, https:\/\/ghyildiz.com\/wp-content\/uploads\/2024\/07\/Ekran-goruntusu-2024-07-18-162811-15-768x400.jpg 768w, https:\/\/ghyildiz.com\/wp-content\/uploads\/2024\/07\/Ekran-goruntusu-2024-07-18-162811-15-600x313.jpg 600w, https:\/\/ghyildiz.com\/wp-content\/uploads\/2024\/07\/Ekran-goruntusu-2024-07-18-162811-15.jpg 1075w\" sizes=\"(max-width: 300px) 100vw, 300px\" \/><\/p>\n<p><strong>Ingredients:<\/strong><br \/>\nIron bisglycinate chelate, calcium ascorbate (vitamin C), capsule, corn starch, anticaking agent: magnesium stearate, copper sulfate, methylcobalamin (vitamin B12).<\/p>\n<p><strong>Recommended Use:<\/strong><br \/>\nAs a supplementary food, preferably after meals 1 capsule\/day.<\/p>\n<p>&nbsp;<\/p>\n","protected":false},"featured_media":535,"template":"","meta":{"_bst_post_transparent":"default","_bst_post_title":"","_bst_post_layout":"default","_bst_post_sidebar_id":"","_bst_post_content_style":"default","_bst_post_vertical_padding":"default","_bst_post_feature":"","_bst_post_feature_position":"","_bst_post_header":false,"_bst_post_footer":false},"product_brand":[],"product_cat":[83],"product_tag":[],"class_list":{"0":"post-534","1":"product","2":"type-product","3":"status-publish","4":"has-post-thumbnail","6":"product_cat-vitamins-and-minerals","8":"first","9":"instock","10":"shipping-taxable","11":"product-type-simple","12":"entry","13":"content-bg","14":"loop-entry"},"yoast_head":"<!-- This site is optimized with the Yoast SEO plugin v27.0 - https:\/\/yoast.com\/product\/yoast-seo-wordpress\/ -->\n<title>Gentle Iron &amp; Cofactors - GH YILDIZ<\/title>\n<meta name=\"robots\" content=\"index, follow, max-snippet:-1, max-image-preview:large, max-video-preview:-1\" \/>\n<link rel=\"canonical\" href=\"https:\/\/ghyildiz.com\/product\/gentle-iron-cofactors\/\" \/>\n<meta property=\"og:locale\" content=\"tr_TR\" \/>\n<meta property=\"og:type\" content=\"article\" \/>\n<meta property=\"og:title\" content=\"Gentle Iron &amp; Cofactors - GH YILDIZ\" \/>\n<meta property=\"og:description\" content=\"It is a highly absorbable, chelated iron supplement that does not cause stomach and intestinal sensitivity.  \u201cIron contributes to the normal formation of red blood cells and hemoglobin.\u201d \u201cIron contributes to normal oxygen transport and normal energy-yielding metabolism in the body.\u201d    Ingredients: Iron bisglycinate chelate, calcium ascorbate (vitamin C), capsule, corn starch, anticaking agent: magnesium stearate, copper sulfate, methylcobalamin (vitamin B12).  Recommended Use: As a supplementary food, preferably after meals 1 capsule\/day.  &nbsp;\" \/>\n<meta property=\"og:url\" content=\"https:\/\/ghyildiz.com\/product\/gentle-iron-cofactors\/\" \/>\n<meta property=\"og:site_name\" content=\"GH YILDIZ\" \/>\n<meta property=\"article:modified_time\" content=\"2024-08-21T12:28:58+00:00\" \/>\n<meta property=\"og:image\" content=\"https:\/\/ghyildiz.com\/wp-content\/uploads\/2024\/07\/GENTLE-IRON-COFACTORS.jpg\" \/>\n\t<meta property=\"og:image:width\" content=\"1000\" \/>\n\t<meta property=\"og:image:height\" content=\"1000\" \/>\n\t<meta property=\"og:image:type\" content=\"image\/jpeg\" \/>\n<meta name=\"twitter:card\" content=\"summary_large_image\" \/>\n<script type=\"application\/ld+json\" class=\"yoast-schema-graph\">{\"@context\":\"https:\/\/schema.org\",\"@graph\":[{\"@type\":\"WebPage\",\"@id\":\"https:\/\/ghyildiz.com\/product\/gentle-iron-cofactors\/\",\"url\":\"https:\/\/ghyildiz.com\/product\/gentle-iron-cofactors\/\",\"name\":\"Gentle Iron &amp; Cofactors - GH YILDIZ\",\"isPartOf\":{\"@id\":\"https:\/\/ghyildiz.com\/#website\"},\"primaryImageOfPage\":{\"@id\":\"https:\/\/ghyildiz.com\/product\/gentle-iron-cofactors\/#primaryimage\"},\"image\":{\"@id\":\"https:\/\/ghyildiz.com\/product\/gentle-iron-cofactors\/#primaryimage\"},\"thumbnailUrl\":\"https:\/\/ghyildiz.com\/wp-content\/uploads\/2024\/07\/GENTLE-IRON-COFACTORS.jpg\",\"datePublished\":\"2024-07-18T12:13:56+00:00\",\"dateModified\":\"2024-08-21T12:28:58+00:00\",\"breadcrumb\":{\"@id\":\"https:\/\/ghyildiz.com\/product\/gentle-iron-cofactors\/#breadcrumb\"},\"inLanguage\":\"tr\",\"potentialAction\":[{\"@type\":\"ReadAction\",\"target\":[\"https:\/\/ghyildiz.com\/product\/gentle-iron-cofactors\/\"]}]},{\"@type\":\"ImageObject\",\"inLanguage\":\"tr\",\"@id\":\"https:\/\/ghyildiz.com\/product\/gentle-iron-cofactors\/#primaryimage\",\"url\":\"https:\/\/ghyildiz.com\/wp-content\/uploads\/2024\/07\/GENTLE-IRON-COFACTORS.jpg\",\"contentUrl\":\"https:\/\/ghyildiz.com\/wp-content\/uploads\/2024\/07\/GENTLE-IRON-COFACTORS.jpg\",\"width\":1000,\"height\":1000},{\"@type\":\"BreadcrumbList\",\"@id\":\"https:\/\/ghyildiz.com\/product\/gentle-iron-cofactors\/#breadcrumb\",\"itemListElement\":[{\"@type\":\"ListItem\",\"position\":1,\"name\":\"Home\",\"item\":\"https:\/\/ghyildiz.com\/tr\/\"},{\"@type\":\"ListItem\",\"position\":2,\"name\":\"Shop\",\"item\":\"https:\/\/ghyildiz.com\/shop\/\"},{\"@type\":\"ListItem\",\"position\":3,\"name\":\"Gentle Iron &amp; Cofactors\"}]},{\"@type\":\"WebSite\",\"@id\":\"https:\/\/ghyildiz.com\/#website\",\"url\":\"https:\/\/ghyildiz.com\/\",\"name\":\"GH YILDIZ\",\"description\":\"\u0130LA\u00c7 ve KOZMET\u0130K\",\"publisher\":{\"@id\":\"https:\/\/ghyildiz.com\/#organization\"},\"potentialAction\":[{\"@type\":\"SearchAction\",\"target\":{\"@type\":\"EntryPoint\",\"urlTemplate\":\"https:\/\/ghyildiz.com\/?s={search_term_string}\"},\"query-input\":{\"@type\":\"PropertyValueSpecification\",\"valueRequired\":true,\"valueName\":\"search_term_string\"}}],\"inLanguage\":\"tr\"},{\"@type\":\"Organization\",\"@id\":\"https:\/\/ghyildiz.com\/#organization\",\"name\":\"GH YILDIZ\",\"url\":\"https:\/\/ghyildiz.com\/\",\"logo\":{\"@type\":\"ImageObject\",\"inLanguage\":\"tr\",\"@id\":\"https:\/\/ghyildiz.com\/#\/schema\/logo\/image\/\",\"url\":\"https:\/\/ghyildiz.com\/wp-content\/uploads\/2024\/07\/logo.png\",\"contentUrl\":\"https:\/\/ghyildiz.com\/wp-content\/uploads\/2024\/07\/logo.png\",\"width\":1690,\"height\":290,\"caption\":\"GH YILDIZ\"},\"image\":{\"@id\":\"https:\/\/ghyildiz.com\/#\/schema\/logo\/image\/\"}}]}<\/script>\n<!-- \/ Yoast SEO plugin. -->","yoast_head_json":{"title":"Gentle Iron &amp; Cofactors - GH YILDIZ","robots":{"index":"index","follow":"follow","max-snippet":"max-snippet:-1","max-image-preview":"max-image-preview:large","max-video-preview":"max-video-preview:-1"},"canonical":"https:\/\/ghyildiz.com\/product\/gentle-iron-cofactors\/","og_locale":"tr_TR","og_type":"article","og_title":"Gentle Iron &amp; Cofactors - GH YILDIZ","og_description":"It is a highly absorbable, chelated iron supplement that does not cause stomach and intestinal sensitivity.  \u201cIron contributes to the normal formation of red blood cells and hemoglobin.\u201d \u201cIron contributes to normal oxygen transport and normal energy-yielding metabolism in the body.\u201d    Ingredients: Iron bisglycinate chelate, calcium ascorbate (vitamin C), capsule, corn starch, anticaking agent: magnesium stearate, copper sulfate, methylcobalamin (vitamin B12).  Recommended Use: As a supplementary food, preferably after meals 1 capsule\/day.  &nbsp;","og_url":"https:\/\/ghyildiz.com\/product\/gentle-iron-cofactors\/","og_site_name":"GH YILDIZ","article_modified_time":"2024-08-21T12:28:58+00:00","og_image":[{"width":1000,"height":1000,"url":"https:\/\/ghyildiz.com\/wp-content\/uploads\/2024\/07\/GENTLE-IRON-COFACTORS.jpg","type":"image\/jpeg"}],"twitter_card":"summary_large_image","schema":{"@context":"https:\/\/schema.org","@graph":[{"@type":"WebPage","@id":"https:\/\/ghyildiz.com\/product\/gentle-iron-cofactors\/","url":"https:\/\/ghyildiz.com\/product\/gentle-iron-cofactors\/","name":"Gentle Iron &amp; Cofactors - GH YILDIZ","isPartOf":{"@id":"https:\/\/ghyildiz.com\/#website"},"primaryImageOfPage":{"@id":"https:\/\/ghyildiz.com\/product\/gentle-iron-cofactors\/#primaryimage"},"image":{"@id":"https:\/\/ghyildiz.com\/product\/gentle-iron-cofactors\/#primaryimage"},"thumbnailUrl":"https:\/\/ghyildiz.com\/wp-content\/uploads\/2024\/07\/GENTLE-IRON-COFACTORS.jpg","datePublished":"2024-07-18T12:13:56+00:00","dateModified":"2024-08-21T12:28:58+00:00","breadcrumb":{"@id":"https:\/\/ghyildiz.com\/product\/gentle-iron-cofactors\/#breadcrumb"},"inLanguage":"tr","potentialAction":[{"@type":"ReadAction","target":["https:\/\/ghyildiz.com\/product\/gentle-iron-cofactors\/"]}]},{"@type":"ImageObject","inLanguage":"tr","@id":"https:\/\/ghyildiz.com\/product\/gentle-iron-cofactors\/#primaryimage","url":"https:\/\/ghyildiz.com\/wp-content\/uploads\/2024\/07\/GENTLE-IRON-COFACTORS.jpg","contentUrl":"https:\/\/ghyildiz.com\/wp-content\/uploads\/2024\/07\/GENTLE-IRON-COFACTORS.jpg","width":1000,"height":1000},{"@type":"BreadcrumbList","@id":"https:\/\/ghyildiz.com\/product\/gentle-iron-cofactors\/#breadcrumb","itemListElement":[{"@type":"ListItem","position":1,"name":"Home","item":"https:\/\/ghyildiz.com\/tr\/"},{"@type":"ListItem","position":2,"name":"Shop","item":"https:\/\/ghyildiz.com\/shop\/"},{"@type":"ListItem","position":3,"name":"Gentle Iron &amp; Cofactors"}]},{"@type":"WebSite","@id":"https:\/\/ghyildiz.com\/#website","url":"https:\/\/ghyildiz.com\/","name":"GH YILDIZ","description":"\u0130LA\u00c7 ve KOZMET\u0130K","publisher":{"@id":"https:\/\/ghyildiz.com\/#organization"},"potentialAction":[{"@type":"SearchAction","target":{"@type":"EntryPoint","urlTemplate":"https:\/\/ghyildiz.com\/?s={search_term_string}"},"query-input":{"@type":"PropertyValueSpecification","valueRequired":true,"valueName":"search_term_string"}}],"inLanguage":"tr"},{"@type":"Organization","@id":"https:\/\/ghyildiz.com\/#organization","name":"GH YILDIZ","url":"https:\/\/ghyildiz.com\/","logo":{"@type":"ImageObject","inLanguage":"tr","@id":"https:\/\/ghyildiz.com\/#\/schema\/logo\/image\/","url":"https:\/\/ghyildiz.com\/wp-content\/uploads\/2024\/07\/logo.png","contentUrl":"https:\/\/ghyildiz.com\/wp-content\/uploads\/2024\/07\/logo.png","width":1690,"height":290,"caption":"GH YILDIZ"},"image":{"@id":"https:\/\/ghyildiz.com\/#\/schema\/logo\/image\/"}}]}},"_links":{"self":[{"href":"https:\/\/ghyildiz.com\/tr\/wp-json\/wp\/v2\/product\/534","targetHints":{"allow":["GET"]}}],"collection":[{"href":"https:\/\/ghyildiz.com\/tr\/wp-json\/wp\/v2\/product"}],"about":[{"href":"https:\/\/ghyildiz.com\/tr\/wp-json\/wp\/v2\/types\/product"}],"wp:featuredmedia":[{"embeddable":true,"href":"https:\/\/ghyildiz.com\/tr\/wp-json\/wp\/v2\/media\/535"}],"wp:attachment":[{"href":"https:\/\/ghyildiz.com\/tr\/wp-json\/wp\/v2\/media?parent=534"}],"wp:term":[{"taxonomy":"product_brand","embeddable":true,"href":"https:\/\/ghyildiz.com\/tr\/wp-json\/wp\/v2\/product_brand?post=534"},{"taxonomy":"product_cat","embeddable":true,"href":"https:\/\/ghyildiz.com\/tr\/wp-json\/wp\/v2\/product_cat?post=534"},{"taxonomy":"product_tag","embeddable":true,"href":"https:\/\/ghyildiz.com\/tr\/wp-json\/wp\/v2\/product_tag?post=534"}],"curies":[{"name":"wp","href":"https:\/\/api.w.org\/{rel}","templated":true}]}}