{"id":521,"date":"2024-07-18T15:11:03","date_gmt":"2024-07-18T12:11:03","guid":{"rendered":"https:\/\/ghyildiz.com\/?post_type=product&#038;p=521"},"modified":"2024-08-22T10:19:15","modified_gmt":"2024-08-22T07:19:15","slug":"democa-sachets","status":"publish","type":"product","link":"https:\/\/ghyildiz.com\/tr\/product\/democa-sachets\/","title":{"rendered":"Democa Sachet (Ca+Mg+Vitamin D+C)"},"content":{"rendered":"<p>Democa Sachet (Ca+Mg+Vitamin D+C) 14 Sachets<\/p>\n","protected":false},"excerpt":{"rendered":"<ul>\n<li>Calcium is a mineral that is essential for maintaining bone and tooth health. It ensures proper muscle function and contributes to nerve conduction. It also helps with blood clotting and regulating heart rhythm, thus supporting overall body functions.<\/li>\n<li>Magnesium citrate supports muscle and nerve function, maintains bone health, and aids in energy production. It also improves digestive health and may relieve constipation problems.<\/li>\n<li>Vitamin D3 and vitamin C together strengthen the immune system, protect against diseases and support healing processes. Vitamin D3 increases bone health and calcium absorption, while vitamin C reduces cell damage and improves skin health with its antioxidant effect. This combination is beneficial for general health and well-being.<\/li>\n<\/ul>\n<p><img fetchpriority=\"high\" decoding=\"async\" class=\"alignnone size-medium wp-image-1059\" src=\"https:\/\/ghyildiz.com\/wp-content\/uploads\/2024\/07\/Ekran-goruntusu-2024-08-21-121429-3-300x176.jpg\" alt=\"\" width=\"300\" height=\"176\" srcset=\"https:\/\/ghyildiz.com\/wp-content\/uploads\/2024\/07\/Ekran-goruntusu-2024-08-21-121429-3-300x176.jpg 300w, https:\/\/ghyildiz.com\/wp-content\/uploads\/2024\/07\/Ekran-goruntusu-2024-08-21-121429-3-1024x600.jpg 1024w, https:\/\/ghyildiz.com\/wp-content\/uploads\/2024\/07\/Ekran-goruntusu-2024-08-21-121429-3-768x450.jpg 768w, https:\/\/ghyildiz.com\/wp-content\/uploads\/2024\/07\/Ekran-goruntusu-2024-08-21-121429-3-600x352.jpg 600w, https:\/\/ghyildiz.com\/wp-content\/uploads\/2024\/07\/Ekran-goruntusu-2024-08-21-121429-3.jpg 1232w\" sizes=\"(max-width: 300px) 100vw, 300px\" \/><\/p>\n<p><strong>Ingredients:<\/strong><br \/>\nCalcium citrate, bulking agent: sorbitol, acidity regulator:<br \/>\n(citric acid, sodium bicarbonate), magnesium citrate,<br \/>\nl-ascorbic acid, orange flavour, sweetener: stevia,<br \/>\nanticaking agent: silicon dioxide, cholecalciferol<br \/>\n(vitamin D3).<\/p>\n<p><strong>Recommended Use:<\/strong><br \/>\nAs a dietary supplement preferably after meals 1 sachet<br \/>\ndaily for adults.<\/p>\n<p>&nbsp;<\/p>\n<p>&nbsp;<\/p>\n<p>&nbsp;<\/p>\n","protected":false},"featured_media":522,"template":"","meta":{"_bst_post_transparent":"default","_bst_post_title":"","_bst_post_layout":"default","_bst_post_sidebar_id":"","_bst_post_content_style":"default","_bst_post_vertical_padding":"default","_bst_post_feature":"","_bst_post_feature_position":"","_bst_post_header":false,"_bst_post_footer":false},"product_brand":[],"product_cat":[83],"product_tag":[],"class_list":{"0":"post-521","1":"product","2":"type-product","3":"status-publish","4":"has-post-thumbnail","6":"product_cat-vitamins-and-minerals","8":"first","9":"instock","10":"shipping-taxable","11":"product-type-simple","12":"entry","13":"content-bg","14":"loop-entry"},"yoast_head":"<!-- This site is optimized with the Yoast SEO plugin v27.0 - https:\/\/yoast.com\/product\/yoast-seo-wordpress\/ -->\n<title>Democa Sachet (Ca+Mg+Vitamin D+C) - GH YILDIZ<\/title>\n<meta name=\"robots\" content=\"index, follow, max-snippet:-1, max-image-preview:large, max-video-preview:-1\" \/>\n<link rel=\"canonical\" href=\"https:\/\/ghyildiz.com\/product\/democa-sachets\/\" \/>\n<meta property=\"og:locale\" content=\"tr_TR\" \/>\n<meta property=\"og:type\" content=\"article\" \/>\n<meta property=\"og:title\" content=\"Democa Sachet (Ca+Mg+Vitamin D+C) - GH YILDIZ\" \/>\n<meta property=\"og:description\" content=\"Calcium is a mineral that is essential for maintaining bone and tooth health. It ensures proper muscle function and contributes to nerve conduction. It also helps with blood clotting and regulating heart rhythm, thus supporting overall body functions.  Magnesium citrate supports muscle and nerve function, maintains bone health, and aids in energy production. It also improves digestive health and may relieve constipation problems.  Vitamin D3 and vitamin C together strengthen the immune system, protect against diseases and support healing processes. Vitamin D3 increases bone health and calcium absorption, while vitamin C reduces cell damage and improves skin health with its antioxidant effect. This combination is beneficial for general health and well-being.    Ingredients: Calcium citrate, bulking agent: sorbitol, acidity regulator: (citric acid, sodium bicarbonate), magnesium citrate, l-ascorbic acid, orange flavour, sweetener: stevia, anticaking agent: silicon dioxide, cholecalciferol (vitamin D3).  Recommended Use: As a dietary supplement preferably after meals 1 sachet daily for adults.  &nbsp;  &nbsp;  &nbsp;\" \/>\n<meta property=\"og:url\" content=\"https:\/\/ghyildiz.com\/product\/democa-sachets\/\" \/>\n<meta property=\"og:site_name\" content=\"GH YILDIZ\" \/>\n<meta property=\"article:modified_time\" content=\"2024-08-22T07:19:15+00:00\" \/>\n<meta property=\"og:image\" content=\"https:\/\/ghyildiz.com\/wp-content\/uploads\/2024\/07\/DEMOCA-SACHETS.jpg\" \/>\n\t<meta property=\"og:image:width\" content=\"1000\" \/>\n\t<meta property=\"og:image:height\" content=\"1000\" \/>\n\t<meta property=\"og:image:type\" content=\"image\/jpeg\" \/>\n<meta name=\"twitter:card\" content=\"summary_large_image\" \/>\n<script type=\"application\/ld+json\" class=\"yoast-schema-graph\">{\"@context\":\"https:\/\/schema.org\",\"@graph\":[{\"@type\":\"WebPage\",\"@id\":\"https:\/\/ghyildiz.com\/product\/democa-sachets\/\",\"url\":\"https:\/\/ghyildiz.com\/product\/democa-sachets\/\",\"name\":\"Democa Sachet (Ca+Mg+Vitamin D+C) - GH YILDIZ\",\"isPartOf\":{\"@id\":\"https:\/\/ghyildiz.com\/#website\"},\"primaryImageOfPage\":{\"@id\":\"https:\/\/ghyildiz.com\/product\/democa-sachets\/#primaryimage\"},\"image\":{\"@id\":\"https:\/\/ghyildiz.com\/product\/democa-sachets\/#primaryimage\"},\"thumbnailUrl\":\"https:\/\/ghyildiz.com\/wp-content\/uploads\/2024\/07\/DEMOCA-SACHETS.jpg\",\"datePublished\":\"2024-07-18T12:11:03+00:00\",\"dateModified\":\"2024-08-22T07:19:15+00:00\",\"breadcrumb\":{\"@id\":\"https:\/\/ghyildiz.com\/product\/democa-sachets\/#breadcrumb\"},\"inLanguage\":\"tr\",\"potentialAction\":[{\"@type\":\"ReadAction\",\"target\":[\"https:\/\/ghyildiz.com\/product\/democa-sachets\/\"]}]},{\"@type\":\"ImageObject\",\"inLanguage\":\"tr\",\"@id\":\"https:\/\/ghyildiz.com\/product\/democa-sachets\/#primaryimage\",\"url\":\"https:\/\/ghyildiz.com\/wp-content\/uploads\/2024\/07\/DEMOCA-SACHETS.jpg\",\"contentUrl\":\"https:\/\/ghyildiz.com\/wp-content\/uploads\/2024\/07\/DEMOCA-SACHETS.jpg\",\"width\":1000,\"height\":1000},{\"@type\":\"BreadcrumbList\",\"@id\":\"https:\/\/ghyildiz.com\/product\/democa-sachets\/#breadcrumb\",\"itemListElement\":[{\"@type\":\"ListItem\",\"position\":1,\"name\":\"Home\",\"item\":\"https:\/\/ghyildiz.com\/tr\/\"},{\"@type\":\"ListItem\",\"position\":2,\"name\":\"Shop\",\"item\":\"https:\/\/ghyildiz.com\/shop\/\"},{\"@type\":\"ListItem\",\"position\":3,\"name\":\"Democa Sachet (Ca+Mg+Vitamin D+C)\"}]},{\"@type\":\"WebSite\",\"@id\":\"https:\/\/ghyildiz.com\/#website\",\"url\":\"https:\/\/ghyildiz.com\/\",\"name\":\"GH YILDIZ\",\"description\":\"\u0130LA\u00c7 ve KOZMET\u0130K\",\"publisher\":{\"@id\":\"https:\/\/ghyildiz.com\/#organization\"},\"potentialAction\":[{\"@type\":\"SearchAction\",\"target\":{\"@type\":\"EntryPoint\",\"urlTemplate\":\"https:\/\/ghyildiz.com\/?s={search_term_string}\"},\"query-input\":{\"@type\":\"PropertyValueSpecification\",\"valueRequired\":true,\"valueName\":\"search_term_string\"}}],\"inLanguage\":\"tr\"},{\"@type\":\"Organization\",\"@id\":\"https:\/\/ghyildiz.com\/#organization\",\"name\":\"GH YILDIZ\",\"url\":\"https:\/\/ghyildiz.com\/\",\"logo\":{\"@type\":\"ImageObject\",\"inLanguage\":\"tr\",\"@id\":\"https:\/\/ghyildiz.com\/#\/schema\/logo\/image\/\",\"url\":\"https:\/\/ghyildiz.com\/wp-content\/uploads\/2024\/07\/logo.png\",\"contentUrl\":\"https:\/\/ghyildiz.com\/wp-content\/uploads\/2024\/07\/logo.png\",\"width\":1690,\"height\":290,\"caption\":\"GH YILDIZ\"},\"image\":{\"@id\":\"https:\/\/ghyildiz.com\/#\/schema\/logo\/image\/\"}}]}<\/script>\n<!-- \/ Yoast SEO plugin. -->","yoast_head_json":{"title":"Democa Sachet (Ca+Mg+Vitamin D+C) - GH YILDIZ","robots":{"index":"index","follow":"follow","max-snippet":"max-snippet:-1","max-image-preview":"max-image-preview:large","max-video-preview":"max-video-preview:-1"},"canonical":"https:\/\/ghyildiz.com\/product\/democa-sachets\/","og_locale":"tr_TR","og_type":"article","og_title":"Democa Sachet (Ca+Mg+Vitamin D+C) - GH YILDIZ","og_description":"Calcium is a mineral that is essential for maintaining bone and tooth health. It ensures proper muscle function and contributes to nerve conduction. It also helps with blood clotting and regulating heart rhythm, thus supporting overall body functions.  Magnesium citrate supports muscle and nerve function, maintains bone health, and aids in energy production. It also improves digestive health and may relieve constipation problems.  Vitamin D3 and vitamin C together strengthen the immune system, protect against diseases and support healing processes. Vitamin D3 increases bone health and calcium absorption, while vitamin C reduces cell damage and improves skin health with its antioxidant effect. This combination is beneficial for general health and well-being.    Ingredients: Calcium citrate, bulking agent: sorbitol, acidity regulator: (citric acid, sodium bicarbonate), magnesium citrate, l-ascorbic acid, orange flavour, sweetener: stevia, anticaking agent: silicon dioxide, cholecalciferol (vitamin D3).  Recommended Use: As a dietary supplement preferably after meals 1 sachet daily for adults.  &nbsp;  &nbsp;  &nbsp;","og_url":"https:\/\/ghyildiz.com\/product\/democa-sachets\/","og_site_name":"GH YILDIZ","article_modified_time":"2024-08-22T07:19:15+00:00","og_image":[{"width":1000,"height":1000,"url":"https:\/\/ghyildiz.com\/wp-content\/uploads\/2024\/07\/DEMOCA-SACHETS.jpg","type":"image\/jpeg"}],"twitter_card":"summary_large_image","schema":{"@context":"https:\/\/schema.org","@graph":[{"@type":"WebPage","@id":"https:\/\/ghyildiz.com\/product\/democa-sachets\/","url":"https:\/\/ghyildiz.com\/product\/democa-sachets\/","name":"Democa Sachet (Ca+Mg+Vitamin D+C) - GH YILDIZ","isPartOf":{"@id":"https:\/\/ghyildiz.com\/#website"},"primaryImageOfPage":{"@id":"https:\/\/ghyildiz.com\/product\/democa-sachets\/#primaryimage"},"image":{"@id":"https:\/\/ghyildiz.com\/product\/democa-sachets\/#primaryimage"},"thumbnailUrl":"https:\/\/ghyildiz.com\/wp-content\/uploads\/2024\/07\/DEMOCA-SACHETS.jpg","datePublished":"2024-07-18T12:11:03+00:00","dateModified":"2024-08-22T07:19:15+00:00","breadcrumb":{"@id":"https:\/\/ghyildiz.com\/product\/democa-sachets\/#breadcrumb"},"inLanguage":"tr","potentialAction":[{"@type":"ReadAction","target":["https:\/\/ghyildiz.com\/product\/democa-sachets\/"]}]},{"@type":"ImageObject","inLanguage":"tr","@id":"https:\/\/ghyildiz.com\/product\/democa-sachets\/#primaryimage","url":"https:\/\/ghyildiz.com\/wp-content\/uploads\/2024\/07\/DEMOCA-SACHETS.jpg","contentUrl":"https:\/\/ghyildiz.com\/wp-content\/uploads\/2024\/07\/DEMOCA-SACHETS.jpg","width":1000,"height":1000},{"@type":"BreadcrumbList","@id":"https:\/\/ghyildiz.com\/product\/democa-sachets\/#breadcrumb","itemListElement":[{"@type":"ListItem","position":1,"name":"Home","item":"https:\/\/ghyildiz.com\/tr\/"},{"@type":"ListItem","position":2,"name":"Shop","item":"https:\/\/ghyildiz.com\/shop\/"},{"@type":"ListItem","position":3,"name":"Democa Sachet (Ca+Mg+Vitamin D+C)"}]},{"@type":"WebSite","@id":"https:\/\/ghyildiz.com\/#website","url":"https:\/\/ghyildiz.com\/","name":"GH YILDIZ","description":"\u0130LA\u00c7 ve KOZMET\u0130K","publisher":{"@id":"https:\/\/ghyildiz.com\/#organization"},"potentialAction":[{"@type":"SearchAction","target":{"@type":"EntryPoint","urlTemplate":"https:\/\/ghyildiz.com\/?s={search_term_string}"},"query-input":{"@type":"PropertyValueSpecification","valueRequired":true,"valueName":"search_term_string"}}],"inLanguage":"tr"},{"@type":"Organization","@id":"https:\/\/ghyildiz.com\/#organization","name":"GH YILDIZ","url":"https:\/\/ghyildiz.com\/","logo":{"@type":"ImageObject","inLanguage":"tr","@id":"https:\/\/ghyildiz.com\/#\/schema\/logo\/image\/","url":"https:\/\/ghyildiz.com\/wp-content\/uploads\/2024\/07\/logo.png","contentUrl":"https:\/\/ghyildiz.com\/wp-content\/uploads\/2024\/07\/logo.png","width":1690,"height":290,"caption":"GH YILDIZ"},"image":{"@id":"https:\/\/ghyildiz.com\/#\/schema\/logo\/image\/"}}]}},"_links":{"self":[{"href":"https:\/\/ghyildiz.com\/tr\/wp-json\/wp\/v2\/product\/521","targetHints":{"allow":["GET"]}}],"collection":[{"href":"https:\/\/ghyildiz.com\/tr\/wp-json\/wp\/v2\/product"}],"about":[{"href":"https:\/\/ghyildiz.com\/tr\/wp-json\/wp\/v2\/types\/product"}],"wp:featuredmedia":[{"embeddable":true,"href":"https:\/\/ghyildiz.com\/tr\/wp-json\/wp\/v2\/media\/522"}],"wp:attachment":[{"href":"https:\/\/ghyildiz.com\/tr\/wp-json\/wp\/v2\/media?parent=521"}],"wp:term":[{"taxonomy":"product_brand","embeddable":true,"href":"https:\/\/ghyildiz.com\/tr\/wp-json\/wp\/v2\/product_brand?post=521"},{"taxonomy":"product_cat","embeddable":true,"href":"https:\/\/ghyildiz.com\/tr\/wp-json\/wp\/v2\/product_cat?post=521"},{"taxonomy":"product_tag","embeddable":true,"href":"https:\/\/ghyildiz.com\/tr\/wp-json\/wp\/v2\/product_tag?post=521"}],"curies":[{"name":"wp","href":"https:\/\/api.w.org\/{rel}","templated":true}]}}