{"id":515,"date":"2024-07-18T15:09:54","date_gmt":"2024-07-18T12:09:54","guid":{"rendered":"https:\/\/ghyildiz.com\/?post_type=product&#038;p=515"},"modified":"2024-08-22T10:10:55","modified_gmt":"2024-08-22T07:10:55","slug":"calcium-k2","status":"publish","type":"product","link":"https:\/\/ghyildiz.com\/tr\/product\/calcium-k2\/","title":{"rendered":"Calcium+K2"},"content":{"rendered":"<p>Calcium+K2 60 Tablets<\/p>\n","protected":false},"excerpt":{"rendered":"<ul>\n<li>Calcium combined with vitamin K2 offers several health benefits, particularly for bone and cardiovascular health.<\/li>\n<li>Calcium is a mineral that is essential for maintaining bone and tooth health. It ensures proper muscle function and contributes to nerve conduction. It also helps with blood clotting and regulating heart rhythm, thus supporting overall body functions.<\/li>\n<li>Vitamin K2, kalsiyumun kemiklerde birikmesini sa\u011flar ve arterlerde birikmesini \u00f6nler. Ayr\u0131ca, kemik sa\u011fl\u0131\u011f\u0131n\u0131 destekler, osteoporoz riskini azalt\u0131r ve kardiyovask\u00fcler sa\u011fl\u0131\u011f\u0131 korur.<\/li>\n<\/ul>\n<p><img decoding=\"async\" class=\"alignnone size-medium wp-image-1020\" src=\"https:\/\/ghyildiz.com\/wp-content\/uploads\/2024\/07\/Ekran-goruntusu-2024-07-18-162811-24-300x136.jpg\" alt=\"\" width=\"300\" height=\"136\" srcset=\"https:\/\/ghyildiz.com\/wp-content\/uploads\/2024\/07\/Ekran-goruntusu-2024-07-18-162811-24-300x136.jpg 300w, https:\/\/ghyildiz.com\/wp-content\/uploads\/2024\/07\/Ekran-goruntusu-2024-07-18-162811-24-1024x465.jpg 1024w, https:\/\/ghyildiz.com\/wp-content\/uploads\/2024\/07\/Ekran-goruntusu-2024-07-18-162811-24-768x349.jpg 768w, https:\/\/ghyildiz.com\/wp-content\/uploads\/2024\/07\/Ekran-goruntusu-2024-07-18-162811-24-600x272.jpg 600w, https:\/\/ghyildiz.com\/wp-content\/uploads\/2024\/07\/Ekran-goruntusu-2024-07-18-162811-24.jpg 1370w\" sizes=\"(max-width: 300px) 100vw, 300px\" \/><\/p>\n<p><strong>Ingredients:<\/strong><br \/>\nCalcium citrate, bulking agent: microcrystalline cellulose, menaquinone-7 (vitamin K2), stabilizer: polyvinylpyrrolidone, anticaking agent: (magnesium stearate, silicon dioxide).<\/p>\n<p><strong>Recommended Use:<\/strong><br \/>\nAs a supplementary food, preferably after meals 1 tablet \/ day.<\/p>\n<p>&nbsp;<\/p>\n<p>&nbsp;<\/p>\n<p>&nbsp;<\/p>\n","protected":false},"featured_media":516,"template":"","meta":{"_bst_post_transparent":"default","_bst_post_title":"","_bst_post_layout":"default","_bst_post_sidebar_id":"","_bst_post_content_style":"default","_bst_post_vertical_padding":"default","_bst_post_feature":"","_bst_post_feature_position":"","_bst_post_header":false,"_bst_post_footer":false},"product_brand":[],"product_cat":[83],"product_tag":[],"class_list":{"0":"post-515","1":"product","2":"type-product","3":"status-publish","4":"has-post-thumbnail","6":"product_cat-vitamins-and-minerals","8":"first","9":"instock","10":"shipping-taxable","11":"product-type-simple","12":"entry","13":"content-bg","14":"loop-entry"},"yoast_head":"<!-- This site is optimized with the Yoast SEO plugin v27.0 - https:\/\/yoast.com\/product\/yoast-seo-wordpress\/ -->\n<title>Calcium+K2 - GH YILDIZ<\/title>\n<meta name=\"robots\" content=\"index, follow, max-snippet:-1, max-image-preview:large, max-video-preview:-1\" \/>\n<link rel=\"canonical\" href=\"https:\/\/ghyildiz.com\/product\/calcium-k2\/\" \/>\n<meta property=\"og:locale\" content=\"tr_TR\" \/>\n<meta property=\"og:type\" content=\"article\" \/>\n<meta property=\"og:title\" content=\"Calcium+K2 - GH YILDIZ\" \/>\n<meta property=\"og:description\" content=\"Calcium combined with vitamin K2 offers several health benefits, particularly for bone and cardiovascular health.  Calcium is a mineral that is essential for maintaining bone and tooth health. It ensures proper muscle function and contributes to nerve conduction. It also helps with blood clotting and regulating heart rhythm, thus supporting overall body functions.  Vitamin K2, kalsiyumun kemiklerde birikmesini sa\u011flar ve arterlerde birikmesini \u00f6nler. Ayr\u0131ca, kemik sa\u011fl\u0131\u011f\u0131n\u0131 destekler, osteoporoz riskini azalt\u0131r ve kardiyovask\u00fcler sa\u011fl\u0131\u011f\u0131 korur.    Ingredients: Calcium citrate, bulking agent: microcrystalline cellulose, menaquinone-7 (vitamin K2), stabilizer: polyvinylpyrrolidone, anticaking agent: (magnesium stearate, silicon dioxide).  Recommended Use: As a supplementary food, preferably after meals 1 tablet \/ day.  &nbsp;  &nbsp;  &nbsp;\" \/>\n<meta property=\"og:url\" content=\"https:\/\/ghyildiz.com\/product\/calcium-k2\/\" \/>\n<meta property=\"og:site_name\" content=\"GH YILDIZ\" \/>\n<meta property=\"article:modified_time\" content=\"2024-08-22T07:10:55+00:00\" \/>\n<meta property=\"og:image\" content=\"https:\/\/ghyildiz.com\/wp-content\/uploads\/2024\/07\/CALCIUM-K2.jpg\" \/>\n\t<meta property=\"og:image:width\" content=\"1000\" \/>\n\t<meta property=\"og:image:height\" content=\"1000\" \/>\n\t<meta property=\"og:image:type\" content=\"image\/jpeg\" \/>\n<meta name=\"twitter:card\" content=\"summary_large_image\" \/>\n<script type=\"application\/ld+json\" class=\"yoast-schema-graph\">{\"@context\":\"https:\/\/schema.org\",\"@graph\":[{\"@type\":\"WebPage\",\"@id\":\"https:\/\/ghyildiz.com\/product\/calcium-k2\/\",\"url\":\"https:\/\/ghyildiz.com\/product\/calcium-k2\/\",\"name\":\"Calcium+K2 - GH YILDIZ\",\"isPartOf\":{\"@id\":\"https:\/\/ghyildiz.com\/#website\"},\"primaryImageOfPage\":{\"@id\":\"https:\/\/ghyildiz.com\/product\/calcium-k2\/#primaryimage\"},\"image\":{\"@id\":\"https:\/\/ghyildiz.com\/product\/calcium-k2\/#primaryimage\"},\"thumbnailUrl\":\"https:\/\/ghyildiz.com\/wp-content\/uploads\/2024\/07\/CALCIUM-K2.jpg\",\"datePublished\":\"2024-07-18T12:09:54+00:00\",\"dateModified\":\"2024-08-22T07:10:55+00:00\",\"breadcrumb\":{\"@id\":\"https:\/\/ghyildiz.com\/product\/calcium-k2\/#breadcrumb\"},\"inLanguage\":\"tr\",\"potentialAction\":[{\"@type\":\"ReadAction\",\"target\":[\"https:\/\/ghyildiz.com\/product\/calcium-k2\/\"]}]},{\"@type\":\"ImageObject\",\"inLanguage\":\"tr\",\"@id\":\"https:\/\/ghyildiz.com\/product\/calcium-k2\/#primaryimage\",\"url\":\"https:\/\/ghyildiz.com\/wp-content\/uploads\/2024\/07\/CALCIUM-K2.jpg\",\"contentUrl\":\"https:\/\/ghyildiz.com\/wp-content\/uploads\/2024\/07\/CALCIUM-K2.jpg\",\"width\":1000,\"height\":1000},{\"@type\":\"BreadcrumbList\",\"@id\":\"https:\/\/ghyildiz.com\/product\/calcium-k2\/#breadcrumb\",\"itemListElement\":[{\"@type\":\"ListItem\",\"position\":1,\"name\":\"Home\",\"item\":\"https:\/\/ghyildiz.com\/tr\/\"},{\"@type\":\"ListItem\",\"position\":2,\"name\":\"Shop\",\"item\":\"https:\/\/ghyildiz.com\/shop\/\"},{\"@type\":\"ListItem\",\"position\":3,\"name\":\"Calcium+K2\"}]},{\"@type\":\"WebSite\",\"@id\":\"https:\/\/ghyildiz.com\/#website\",\"url\":\"https:\/\/ghyildiz.com\/\",\"name\":\"GH YILDIZ\",\"description\":\"\u0130LA\u00c7 ve KOZMET\u0130K\",\"publisher\":{\"@id\":\"https:\/\/ghyildiz.com\/#organization\"},\"potentialAction\":[{\"@type\":\"SearchAction\",\"target\":{\"@type\":\"EntryPoint\",\"urlTemplate\":\"https:\/\/ghyildiz.com\/?s={search_term_string}\"},\"query-input\":{\"@type\":\"PropertyValueSpecification\",\"valueRequired\":true,\"valueName\":\"search_term_string\"}}],\"inLanguage\":\"tr\"},{\"@type\":\"Organization\",\"@id\":\"https:\/\/ghyildiz.com\/#organization\",\"name\":\"GH YILDIZ\",\"url\":\"https:\/\/ghyildiz.com\/\",\"logo\":{\"@type\":\"ImageObject\",\"inLanguage\":\"tr\",\"@id\":\"https:\/\/ghyildiz.com\/#\/schema\/logo\/image\/\",\"url\":\"https:\/\/ghyildiz.com\/wp-content\/uploads\/2024\/07\/logo.png\",\"contentUrl\":\"https:\/\/ghyildiz.com\/wp-content\/uploads\/2024\/07\/logo.png\",\"width\":1690,\"height\":290,\"caption\":\"GH YILDIZ\"},\"image\":{\"@id\":\"https:\/\/ghyildiz.com\/#\/schema\/logo\/image\/\"}}]}<\/script>\n<!-- \/ Yoast SEO plugin. -->","yoast_head_json":{"title":"Calcium+K2 - GH YILDIZ","robots":{"index":"index","follow":"follow","max-snippet":"max-snippet:-1","max-image-preview":"max-image-preview:large","max-video-preview":"max-video-preview:-1"},"canonical":"https:\/\/ghyildiz.com\/product\/calcium-k2\/","og_locale":"tr_TR","og_type":"article","og_title":"Calcium+K2 - GH YILDIZ","og_description":"Calcium combined with vitamin K2 offers several health benefits, particularly for bone and cardiovascular health.  Calcium is a mineral that is essential for maintaining bone and tooth health. It ensures proper muscle function and contributes to nerve conduction. It also helps with blood clotting and regulating heart rhythm, thus supporting overall body functions.  Vitamin K2, kalsiyumun kemiklerde birikmesini sa\u011flar ve arterlerde birikmesini \u00f6nler. Ayr\u0131ca, kemik sa\u011fl\u0131\u011f\u0131n\u0131 destekler, osteoporoz riskini azalt\u0131r ve kardiyovask\u00fcler sa\u011fl\u0131\u011f\u0131 korur.    Ingredients: Calcium citrate, bulking agent: microcrystalline cellulose, menaquinone-7 (vitamin K2), stabilizer: polyvinylpyrrolidone, anticaking agent: (magnesium stearate, silicon dioxide).  Recommended Use: As a supplementary food, preferably after meals 1 tablet \/ day.  &nbsp;  &nbsp;  &nbsp;","og_url":"https:\/\/ghyildiz.com\/product\/calcium-k2\/","og_site_name":"GH YILDIZ","article_modified_time":"2024-08-22T07:10:55+00:00","og_image":[{"width":1000,"height":1000,"url":"https:\/\/ghyildiz.com\/wp-content\/uploads\/2024\/07\/CALCIUM-K2.jpg","type":"image\/jpeg"}],"twitter_card":"summary_large_image","schema":{"@context":"https:\/\/schema.org","@graph":[{"@type":"WebPage","@id":"https:\/\/ghyildiz.com\/product\/calcium-k2\/","url":"https:\/\/ghyildiz.com\/product\/calcium-k2\/","name":"Calcium+K2 - GH YILDIZ","isPartOf":{"@id":"https:\/\/ghyildiz.com\/#website"},"primaryImageOfPage":{"@id":"https:\/\/ghyildiz.com\/product\/calcium-k2\/#primaryimage"},"image":{"@id":"https:\/\/ghyildiz.com\/product\/calcium-k2\/#primaryimage"},"thumbnailUrl":"https:\/\/ghyildiz.com\/wp-content\/uploads\/2024\/07\/CALCIUM-K2.jpg","datePublished":"2024-07-18T12:09:54+00:00","dateModified":"2024-08-22T07:10:55+00:00","breadcrumb":{"@id":"https:\/\/ghyildiz.com\/product\/calcium-k2\/#breadcrumb"},"inLanguage":"tr","potentialAction":[{"@type":"ReadAction","target":["https:\/\/ghyildiz.com\/product\/calcium-k2\/"]}]},{"@type":"ImageObject","inLanguage":"tr","@id":"https:\/\/ghyildiz.com\/product\/calcium-k2\/#primaryimage","url":"https:\/\/ghyildiz.com\/wp-content\/uploads\/2024\/07\/CALCIUM-K2.jpg","contentUrl":"https:\/\/ghyildiz.com\/wp-content\/uploads\/2024\/07\/CALCIUM-K2.jpg","width":1000,"height":1000},{"@type":"BreadcrumbList","@id":"https:\/\/ghyildiz.com\/product\/calcium-k2\/#breadcrumb","itemListElement":[{"@type":"ListItem","position":1,"name":"Home","item":"https:\/\/ghyildiz.com\/tr\/"},{"@type":"ListItem","position":2,"name":"Shop","item":"https:\/\/ghyildiz.com\/shop\/"},{"@type":"ListItem","position":3,"name":"Calcium+K2"}]},{"@type":"WebSite","@id":"https:\/\/ghyildiz.com\/#website","url":"https:\/\/ghyildiz.com\/","name":"GH YILDIZ","description":"\u0130LA\u00c7 ve KOZMET\u0130K","publisher":{"@id":"https:\/\/ghyildiz.com\/#organization"},"potentialAction":[{"@type":"SearchAction","target":{"@type":"EntryPoint","urlTemplate":"https:\/\/ghyildiz.com\/?s={search_term_string}"},"query-input":{"@type":"PropertyValueSpecification","valueRequired":true,"valueName":"search_term_string"}}],"inLanguage":"tr"},{"@type":"Organization","@id":"https:\/\/ghyildiz.com\/#organization","name":"GH YILDIZ","url":"https:\/\/ghyildiz.com\/","logo":{"@type":"ImageObject","inLanguage":"tr","@id":"https:\/\/ghyildiz.com\/#\/schema\/logo\/image\/","url":"https:\/\/ghyildiz.com\/wp-content\/uploads\/2024\/07\/logo.png","contentUrl":"https:\/\/ghyildiz.com\/wp-content\/uploads\/2024\/07\/logo.png","width":1690,"height":290,"caption":"GH YILDIZ"},"image":{"@id":"https:\/\/ghyildiz.com\/#\/schema\/logo\/image\/"}}]}},"_links":{"self":[{"href":"https:\/\/ghyildiz.com\/tr\/wp-json\/wp\/v2\/product\/515","targetHints":{"allow":["GET"]}}],"collection":[{"href":"https:\/\/ghyildiz.com\/tr\/wp-json\/wp\/v2\/product"}],"about":[{"href":"https:\/\/ghyildiz.com\/tr\/wp-json\/wp\/v2\/types\/product"}],"wp:featuredmedia":[{"embeddable":true,"href":"https:\/\/ghyildiz.com\/tr\/wp-json\/wp\/v2\/media\/516"}],"wp:attachment":[{"href":"https:\/\/ghyildiz.com\/tr\/wp-json\/wp\/v2\/media?parent=515"}],"wp:term":[{"taxonomy":"product_brand","embeddable":true,"href":"https:\/\/ghyildiz.com\/tr\/wp-json\/wp\/v2\/product_brand?post=515"},{"taxonomy":"product_cat","embeddable":true,"href":"https:\/\/ghyildiz.com\/tr\/wp-json\/wp\/v2\/product_cat?post=515"},{"taxonomy":"product_tag","embeddable":true,"href":"https:\/\/ghyildiz.com\/tr\/wp-json\/wp\/v2\/product_tag?post=515"}],"curies":[{"name":"wp","href":"https:\/\/api.w.org\/{rel}","templated":true}]}}