{"id":1139,"date":"2025-01-10T16:05:30","date_gmt":"2025-01-10T13:05:30","guid":{"rendered":"https:\/\/ghyildiz.com\/?post_type=product&#038;p=1139"},"modified":"2025-01-10T16:06:35","modified_gmt":"2025-01-10T13:06:35","slug":"sambucus-gummies","status":"publish","type":"product","link":"https:\/\/ghyildiz.com\/tr\/product\/sambucus-gummies\/","title":{"rendered":"Sambucus Gummies"},"content":{"rendered":"<p>Sambucus 60 Gummies<\/p>\n<p><strong>Recommended Use:<\/strong> The recommended daily intake is 2 gummies for children.<\/p>\n<p><strong>Ingredients:<\/strong> Sugar, glucose syrup, deionized water, thickener: gelatine, sambucus nigra, l-ascorbic acid, zinc sulfate monohydrate, acidity regulator: citric acid, natural flavors, acidity regulator: malic acid, glazing agent: carnauba wax, colouring: anthocyanins.<\/p>\n","protected":false},"excerpt":{"rendered":"<p><img decoding=\"async\" class=\"alignnone wp-image-1141\" src=\"https:\/\/ghyildiz.com\/wp-content\/uploads\/2025\/01\/SAMBUCUS-GUMMY-e1736514312901-300x97.png\" alt=\"\" width=\"368\" height=\"119\" srcset=\"https:\/\/ghyildiz.com\/wp-content\/uploads\/2025\/01\/SAMBUCUS-GUMMY-e1736514312901-300x97.png 300w, https:\/\/ghyildiz.com\/wp-content\/uploads\/2025\/01\/SAMBUCUS-GUMMY-e1736514312901.png 583w\" sizes=\"(max-width: 368px) 100vw, 368px\" \/><\/p>\n","protected":false},"featured_media":1140,"template":"","meta":{"_bst_post_transparent":"default","_bst_post_title":"","_bst_post_layout":"default","_bst_post_sidebar_id":"","_bst_post_content_style":"default","_bst_post_vertical_padding":"default","_bst_post_feature":"","_bst_post_feature_position":"","_bst_post_header":false,"_bst_post_footer":false},"product_brand":[],"product_cat":[84],"product_tag":[],"class_list":{"0":"post-1139","1":"product","2":"type-product","3":"status-publish","4":"has-post-thumbnail","6":"product_cat-gummies","8":"first","9":"instock","10":"shipping-taxable","11":"product-type-simple","12":"entry","13":"content-bg","14":"loop-entry"},"yoast_head":"<!-- This site is optimized with the Yoast SEO plugin v27.0 - https:\/\/yoast.com\/product\/yoast-seo-wordpress\/ -->\n<title>Sambucus Gummies - GH YILDIZ<\/title>\n<meta name=\"robots\" content=\"index, follow, max-snippet:-1, max-image-preview:large, max-video-preview:-1\" \/>\n<link rel=\"canonical\" href=\"https:\/\/ghyildiz.com\/product\/sambucus-gummies\/\" \/>\n<meta property=\"og:locale\" content=\"tr_TR\" \/>\n<meta property=\"og:type\" content=\"article\" \/>\n<meta property=\"og:title\" content=\"Sambucus Gummies - GH YILDIZ\" \/>\n<meta property=\"og:url\" content=\"https:\/\/ghyildiz.com\/product\/sambucus-gummies\/\" \/>\n<meta property=\"og:site_name\" content=\"GH YILDIZ\" \/>\n<meta property=\"article:modified_time\" content=\"2025-01-10T13:06:35+00:00\" \/>\n<meta property=\"og:image\" content=\"https:\/\/ghyildiz.com\/wp-content\/uploads\/2025\/01\/GNB-SAMBUCUS-GUMMY.jpg\" \/>\n\t<meta property=\"og:image:width\" content=\"1400\" \/>\n\t<meta property=\"og:image:height\" content=\"788\" \/>\n\t<meta property=\"og:image:type\" content=\"image\/jpeg\" \/>\n<meta name=\"twitter:card\" content=\"summary_large_image\" \/>\n<script type=\"application\/ld+json\" class=\"yoast-schema-graph\">{\"@context\":\"https:\/\/schema.org\",\"@graph\":[{\"@type\":\"WebPage\",\"@id\":\"https:\/\/ghyildiz.com\/product\/sambucus-gummies\/\",\"url\":\"https:\/\/ghyildiz.com\/product\/sambucus-gummies\/\",\"name\":\"Sambucus Gummies - GH YILDIZ\",\"isPartOf\":{\"@id\":\"https:\/\/ghyildiz.com\/#website\"},\"primaryImageOfPage\":{\"@id\":\"https:\/\/ghyildiz.com\/product\/sambucus-gummies\/#primaryimage\"},\"image\":{\"@id\":\"https:\/\/ghyildiz.com\/product\/sambucus-gummies\/#primaryimage\"},\"thumbnailUrl\":\"https:\/\/ghyildiz.com\/wp-content\/uploads\/2025\/01\/GNB-SAMBUCUS-GUMMY.jpg\",\"datePublished\":\"2025-01-10T13:05:30+00:00\",\"dateModified\":\"2025-01-10T13:06:35+00:00\",\"breadcrumb\":{\"@id\":\"https:\/\/ghyildiz.com\/product\/sambucus-gummies\/#breadcrumb\"},\"inLanguage\":\"tr\",\"potentialAction\":[{\"@type\":\"ReadAction\",\"target\":[\"https:\/\/ghyildiz.com\/product\/sambucus-gummies\/\"]}]},{\"@type\":\"ImageObject\",\"inLanguage\":\"tr\",\"@id\":\"https:\/\/ghyildiz.com\/product\/sambucus-gummies\/#primaryimage\",\"url\":\"https:\/\/ghyildiz.com\/wp-content\/uploads\/2025\/01\/GNB-SAMBUCUS-GUMMY.jpg\",\"contentUrl\":\"https:\/\/ghyildiz.com\/wp-content\/uploads\/2025\/01\/GNB-SAMBUCUS-GUMMY.jpg\",\"width\":1400,\"height\":788},{\"@type\":\"BreadcrumbList\",\"@id\":\"https:\/\/ghyildiz.com\/product\/sambucus-gummies\/#breadcrumb\",\"itemListElement\":[{\"@type\":\"ListItem\",\"position\":1,\"name\":\"Home\",\"item\":\"https:\/\/ghyildiz.com\/tr\/\"},{\"@type\":\"ListItem\",\"position\":2,\"name\":\"Shop\",\"item\":\"https:\/\/ghyildiz.com\/shop\/\"},{\"@type\":\"ListItem\",\"position\":3,\"name\":\"Sambucus Gummies\"}]},{\"@type\":\"WebSite\",\"@id\":\"https:\/\/ghyildiz.com\/#website\",\"url\":\"https:\/\/ghyildiz.com\/\",\"name\":\"GH YILDIZ\",\"description\":\"\u0130LA\u00c7 ve KOZMET\u0130K\",\"publisher\":{\"@id\":\"https:\/\/ghyildiz.com\/#organization\"},\"potentialAction\":[{\"@type\":\"SearchAction\",\"target\":{\"@type\":\"EntryPoint\",\"urlTemplate\":\"https:\/\/ghyildiz.com\/?s={search_term_string}\"},\"query-input\":{\"@type\":\"PropertyValueSpecification\",\"valueRequired\":true,\"valueName\":\"search_term_string\"}}],\"inLanguage\":\"tr\"},{\"@type\":\"Organization\",\"@id\":\"https:\/\/ghyildiz.com\/#organization\",\"name\":\"GH YILDIZ\",\"url\":\"https:\/\/ghyildiz.com\/\",\"logo\":{\"@type\":\"ImageObject\",\"inLanguage\":\"tr\",\"@id\":\"https:\/\/ghyildiz.com\/#\/schema\/logo\/image\/\",\"url\":\"https:\/\/ghyildiz.com\/wp-content\/uploads\/2024\/07\/logo.png\",\"contentUrl\":\"https:\/\/ghyildiz.com\/wp-content\/uploads\/2024\/07\/logo.png\",\"width\":1690,\"height\":290,\"caption\":\"GH YILDIZ\"},\"image\":{\"@id\":\"https:\/\/ghyildiz.com\/#\/schema\/logo\/image\/\"}}]}<\/script>\n<!-- \/ Yoast SEO plugin. -->","yoast_head_json":{"title":"Sambucus Gummies - GH YILDIZ","robots":{"index":"index","follow":"follow","max-snippet":"max-snippet:-1","max-image-preview":"max-image-preview:large","max-video-preview":"max-video-preview:-1"},"canonical":"https:\/\/ghyildiz.com\/product\/sambucus-gummies\/","og_locale":"tr_TR","og_type":"article","og_title":"Sambucus Gummies - GH YILDIZ","og_url":"https:\/\/ghyildiz.com\/product\/sambucus-gummies\/","og_site_name":"GH YILDIZ","article_modified_time":"2025-01-10T13:06:35+00:00","og_image":[{"width":1400,"height":788,"url":"https:\/\/ghyildiz.com\/wp-content\/uploads\/2025\/01\/GNB-SAMBUCUS-GUMMY.jpg","type":"image\/jpeg"}],"twitter_card":"summary_large_image","schema":{"@context":"https:\/\/schema.org","@graph":[{"@type":"WebPage","@id":"https:\/\/ghyildiz.com\/product\/sambucus-gummies\/","url":"https:\/\/ghyildiz.com\/product\/sambucus-gummies\/","name":"Sambucus Gummies - GH YILDIZ","isPartOf":{"@id":"https:\/\/ghyildiz.com\/#website"},"primaryImageOfPage":{"@id":"https:\/\/ghyildiz.com\/product\/sambucus-gummies\/#primaryimage"},"image":{"@id":"https:\/\/ghyildiz.com\/product\/sambucus-gummies\/#primaryimage"},"thumbnailUrl":"https:\/\/ghyildiz.com\/wp-content\/uploads\/2025\/01\/GNB-SAMBUCUS-GUMMY.jpg","datePublished":"2025-01-10T13:05:30+00:00","dateModified":"2025-01-10T13:06:35+00:00","breadcrumb":{"@id":"https:\/\/ghyildiz.com\/product\/sambucus-gummies\/#breadcrumb"},"inLanguage":"tr","potentialAction":[{"@type":"ReadAction","target":["https:\/\/ghyildiz.com\/product\/sambucus-gummies\/"]}]},{"@type":"ImageObject","inLanguage":"tr","@id":"https:\/\/ghyildiz.com\/product\/sambucus-gummies\/#primaryimage","url":"https:\/\/ghyildiz.com\/wp-content\/uploads\/2025\/01\/GNB-SAMBUCUS-GUMMY.jpg","contentUrl":"https:\/\/ghyildiz.com\/wp-content\/uploads\/2025\/01\/GNB-SAMBUCUS-GUMMY.jpg","width":1400,"height":788},{"@type":"BreadcrumbList","@id":"https:\/\/ghyildiz.com\/product\/sambucus-gummies\/#breadcrumb","itemListElement":[{"@type":"ListItem","position":1,"name":"Home","item":"https:\/\/ghyildiz.com\/tr\/"},{"@type":"ListItem","position":2,"name":"Shop","item":"https:\/\/ghyildiz.com\/shop\/"},{"@type":"ListItem","position":3,"name":"Sambucus Gummies"}]},{"@type":"WebSite","@id":"https:\/\/ghyildiz.com\/#website","url":"https:\/\/ghyildiz.com\/","name":"GH YILDIZ","description":"\u0130LA\u00c7 ve KOZMET\u0130K","publisher":{"@id":"https:\/\/ghyildiz.com\/#organization"},"potentialAction":[{"@type":"SearchAction","target":{"@type":"EntryPoint","urlTemplate":"https:\/\/ghyildiz.com\/?s={search_term_string}"},"query-input":{"@type":"PropertyValueSpecification","valueRequired":true,"valueName":"search_term_string"}}],"inLanguage":"tr"},{"@type":"Organization","@id":"https:\/\/ghyildiz.com\/#organization","name":"GH YILDIZ","url":"https:\/\/ghyildiz.com\/","logo":{"@type":"ImageObject","inLanguage":"tr","@id":"https:\/\/ghyildiz.com\/#\/schema\/logo\/image\/","url":"https:\/\/ghyildiz.com\/wp-content\/uploads\/2024\/07\/logo.png","contentUrl":"https:\/\/ghyildiz.com\/wp-content\/uploads\/2024\/07\/logo.png","width":1690,"height":290,"caption":"GH YILDIZ"},"image":{"@id":"https:\/\/ghyildiz.com\/#\/schema\/logo\/image\/"}}]}},"_links":{"self":[{"href":"https:\/\/ghyildiz.com\/tr\/wp-json\/wp\/v2\/product\/1139","targetHints":{"allow":["GET"]}}],"collection":[{"href":"https:\/\/ghyildiz.com\/tr\/wp-json\/wp\/v2\/product"}],"about":[{"href":"https:\/\/ghyildiz.com\/tr\/wp-json\/wp\/v2\/types\/product"}],"wp:featuredmedia":[{"embeddable":true,"href":"https:\/\/ghyildiz.com\/tr\/wp-json\/wp\/v2\/media\/1140"}],"wp:attachment":[{"href":"https:\/\/ghyildiz.com\/tr\/wp-json\/wp\/v2\/media?parent=1139"}],"wp:term":[{"taxonomy":"product_brand","embeddable":true,"href":"https:\/\/ghyildiz.com\/tr\/wp-json\/wp\/v2\/product_brand?post=1139"},{"taxonomy":"product_cat","embeddable":true,"href":"https:\/\/ghyildiz.com\/tr\/wp-json\/wp\/v2\/product_cat?post=1139"},{"taxonomy":"product_tag","embeddable":true,"href":"https:\/\/ghyildiz.com\/tr\/wp-json\/wp\/v2\/product_tag?post=1139"}],"curies":[{"name":"wp","href":"https:\/\/api.w.org\/{rel}","templated":true}]}}