{"id":1130,"date":"2025-01-10T15:41:30","date_gmt":"2025-01-10T12:41:30","guid":{"rendered":"https:\/\/ghyildiz.com\/?post_type=product&#038;p=1130"},"modified":"2025-01-10T16:15:03","modified_gmt":"2025-01-10T13:15:03","slug":"kids-sleep-gummies","status":"publish","type":"product","link":"https:\/\/ghyildiz.com\/tr\/product\/kids-sleep-gummies\/","title":{"rendered":"Kids Sleep Gummies"},"content":{"rendered":"<p>Kids Sleep 60 Gummies<\/p>\n<p><strong>Recommended Use:<\/strong> Children 3 years and older: Chew 2 gummies daily 30 minutes before bedtime or as directed by your physician.<\/p>\n<p><strong>Other Ingredients:<\/strong> Sugar, Glucose Syrup, Gelatine, Citric Acid (E-330), Natural Fruit Flavours (Fruit Mix), Natural Colouring, Deionized Water, Carnauba Wax.<\/p>\n","protected":false},"excerpt":{"rendered":"<p><img decoding=\"async\" class=\"alignnone wp-image-1132\" src=\"https:\/\/ghyildiz.com\/wp-content\/uploads\/2025\/01\/KIDS-SLEEP-GUMMY-e1736512829672-300x84.png\" alt=\"\" width=\"346\" height=\"97\" srcset=\"https:\/\/ghyildiz.com\/wp-content\/uploads\/2025\/01\/KIDS-SLEEP-GUMMY-e1736512829672-300x84.png 300w, https:\/\/ghyildiz.com\/wp-content\/uploads\/2025\/01\/KIDS-SLEEP-GUMMY-e1736512829672.png 507w\" sizes=\"(max-width: 346px) 100vw, 346px\" \/><\/p>\n","protected":false},"featured_media":1131,"template":"","meta":{"_bst_post_transparent":"default","_bst_post_title":"","_bst_post_layout":"default","_bst_post_sidebar_id":"","_bst_post_content_style":"default","_bst_post_vertical_padding":"default","_bst_post_feature":"","_bst_post_feature_position":"","_bst_post_header":false,"_bst_post_footer":false},"product_brand":[],"product_cat":[84],"product_tag":[],"class_list":{"0":"post-1130","1":"product","2":"type-product","3":"status-publish","4":"has-post-thumbnail","6":"product_cat-gummies","8":"first","9":"instock","10":"shipping-taxable","11":"product-type-simple","12":"entry","13":"content-bg","14":"loop-entry"},"yoast_head":"<!-- This site is optimized with the Yoast SEO plugin v27.0 - https:\/\/yoast.com\/product\/yoast-seo-wordpress\/ -->\n<title>Kids Sleep Gummies - GH YILDIZ<\/title>\n<meta name=\"robots\" content=\"index, follow, max-snippet:-1, max-image-preview:large, max-video-preview:-1\" \/>\n<link rel=\"canonical\" href=\"https:\/\/ghyildiz.com\/product\/kids-sleep-gummies\/\" \/>\n<meta property=\"og:locale\" content=\"tr_TR\" \/>\n<meta property=\"og:type\" content=\"article\" \/>\n<meta property=\"og:title\" content=\"Kids Sleep Gummies - GH YILDIZ\" \/>\n<meta property=\"og:url\" content=\"https:\/\/ghyildiz.com\/product\/kids-sleep-gummies\/\" \/>\n<meta property=\"og:site_name\" content=\"GH YILDIZ\" \/>\n<meta property=\"article:modified_time\" content=\"2025-01-10T13:15:03+00:00\" \/>\n<meta property=\"og:image\" content=\"https:\/\/ghyildiz.com\/wp-content\/uploads\/2025\/01\/KIDS-SLEEP-1-scaled.jpg\" \/>\n\t<meta property=\"og:image:width\" content=\"2560\" \/>\n\t<meta property=\"og:image:height\" content=\"1707\" \/>\n\t<meta property=\"og:image:type\" content=\"image\/jpeg\" \/>\n<meta name=\"twitter:card\" content=\"summary_large_image\" \/>\n<script type=\"application\/ld+json\" class=\"yoast-schema-graph\">{\"@context\":\"https:\/\/schema.org\",\"@graph\":[{\"@type\":\"WebPage\",\"@id\":\"https:\/\/ghyildiz.com\/product\/kids-sleep-gummies\/\",\"url\":\"https:\/\/ghyildiz.com\/product\/kids-sleep-gummies\/\",\"name\":\"Kids Sleep Gummies - GH YILDIZ\",\"isPartOf\":{\"@id\":\"https:\/\/ghyildiz.com\/#website\"},\"primaryImageOfPage\":{\"@id\":\"https:\/\/ghyildiz.com\/product\/kids-sleep-gummies\/#primaryimage\"},\"image\":{\"@id\":\"https:\/\/ghyildiz.com\/product\/kids-sleep-gummies\/#primaryimage\"},\"thumbnailUrl\":\"https:\/\/ghyildiz.com\/wp-content\/uploads\/2025\/01\/KIDS-SLEEP-1-scaled.jpg\",\"datePublished\":\"2025-01-10T12:41:30+00:00\",\"dateModified\":\"2025-01-10T13:15:03+00:00\",\"breadcrumb\":{\"@id\":\"https:\/\/ghyildiz.com\/product\/kids-sleep-gummies\/#breadcrumb\"},\"inLanguage\":\"tr\",\"potentialAction\":[{\"@type\":\"ReadAction\",\"target\":[\"https:\/\/ghyildiz.com\/product\/kids-sleep-gummies\/\"]}]},{\"@type\":\"ImageObject\",\"inLanguage\":\"tr\",\"@id\":\"https:\/\/ghyildiz.com\/product\/kids-sleep-gummies\/#primaryimage\",\"url\":\"https:\/\/ghyildiz.com\/wp-content\/uploads\/2025\/01\/KIDS-SLEEP-1-scaled.jpg\",\"contentUrl\":\"https:\/\/ghyildiz.com\/wp-content\/uploads\/2025\/01\/KIDS-SLEEP-1-scaled.jpg\",\"width\":2560,\"height\":1707},{\"@type\":\"BreadcrumbList\",\"@id\":\"https:\/\/ghyildiz.com\/product\/kids-sleep-gummies\/#breadcrumb\",\"itemListElement\":[{\"@type\":\"ListItem\",\"position\":1,\"name\":\"Home\",\"item\":\"https:\/\/ghyildiz.com\/tr\/\"},{\"@type\":\"ListItem\",\"position\":2,\"name\":\"Shop\",\"item\":\"https:\/\/ghyildiz.com\/shop\/\"},{\"@type\":\"ListItem\",\"position\":3,\"name\":\"Kids Sleep Gummies\"}]},{\"@type\":\"WebSite\",\"@id\":\"https:\/\/ghyildiz.com\/#website\",\"url\":\"https:\/\/ghyildiz.com\/\",\"name\":\"GH YILDIZ\",\"description\":\"\u0130LA\u00c7 ve KOZMET\u0130K\",\"publisher\":{\"@id\":\"https:\/\/ghyildiz.com\/#organization\"},\"potentialAction\":[{\"@type\":\"SearchAction\",\"target\":{\"@type\":\"EntryPoint\",\"urlTemplate\":\"https:\/\/ghyildiz.com\/?s={search_term_string}\"},\"query-input\":{\"@type\":\"PropertyValueSpecification\",\"valueRequired\":true,\"valueName\":\"search_term_string\"}}],\"inLanguage\":\"tr\"},{\"@type\":\"Organization\",\"@id\":\"https:\/\/ghyildiz.com\/#organization\",\"name\":\"GH YILDIZ\",\"url\":\"https:\/\/ghyildiz.com\/\",\"logo\":{\"@type\":\"ImageObject\",\"inLanguage\":\"tr\",\"@id\":\"https:\/\/ghyildiz.com\/#\/schema\/logo\/image\/\",\"url\":\"https:\/\/ghyildiz.com\/wp-content\/uploads\/2024\/07\/logo.png\",\"contentUrl\":\"https:\/\/ghyildiz.com\/wp-content\/uploads\/2024\/07\/logo.png\",\"width\":1690,\"height\":290,\"caption\":\"GH YILDIZ\"},\"image\":{\"@id\":\"https:\/\/ghyildiz.com\/#\/schema\/logo\/image\/\"}}]}<\/script>\n<!-- \/ Yoast SEO plugin. -->","yoast_head_json":{"title":"Kids Sleep Gummies - GH YILDIZ","robots":{"index":"index","follow":"follow","max-snippet":"max-snippet:-1","max-image-preview":"max-image-preview:large","max-video-preview":"max-video-preview:-1"},"canonical":"https:\/\/ghyildiz.com\/product\/kids-sleep-gummies\/","og_locale":"tr_TR","og_type":"article","og_title":"Kids Sleep Gummies - GH YILDIZ","og_url":"https:\/\/ghyildiz.com\/product\/kids-sleep-gummies\/","og_site_name":"GH YILDIZ","article_modified_time":"2025-01-10T13:15:03+00:00","og_image":[{"width":2560,"height":1707,"url":"https:\/\/ghyildiz.com\/wp-content\/uploads\/2025\/01\/KIDS-SLEEP-1-scaled.jpg","type":"image\/jpeg"}],"twitter_card":"summary_large_image","schema":{"@context":"https:\/\/schema.org","@graph":[{"@type":"WebPage","@id":"https:\/\/ghyildiz.com\/product\/kids-sleep-gummies\/","url":"https:\/\/ghyildiz.com\/product\/kids-sleep-gummies\/","name":"Kids Sleep Gummies - GH YILDIZ","isPartOf":{"@id":"https:\/\/ghyildiz.com\/#website"},"primaryImageOfPage":{"@id":"https:\/\/ghyildiz.com\/product\/kids-sleep-gummies\/#primaryimage"},"image":{"@id":"https:\/\/ghyildiz.com\/product\/kids-sleep-gummies\/#primaryimage"},"thumbnailUrl":"https:\/\/ghyildiz.com\/wp-content\/uploads\/2025\/01\/KIDS-SLEEP-1-scaled.jpg","datePublished":"2025-01-10T12:41:30+00:00","dateModified":"2025-01-10T13:15:03+00:00","breadcrumb":{"@id":"https:\/\/ghyildiz.com\/product\/kids-sleep-gummies\/#breadcrumb"},"inLanguage":"tr","potentialAction":[{"@type":"ReadAction","target":["https:\/\/ghyildiz.com\/product\/kids-sleep-gummies\/"]}]},{"@type":"ImageObject","inLanguage":"tr","@id":"https:\/\/ghyildiz.com\/product\/kids-sleep-gummies\/#primaryimage","url":"https:\/\/ghyildiz.com\/wp-content\/uploads\/2025\/01\/KIDS-SLEEP-1-scaled.jpg","contentUrl":"https:\/\/ghyildiz.com\/wp-content\/uploads\/2025\/01\/KIDS-SLEEP-1-scaled.jpg","width":2560,"height":1707},{"@type":"BreadcrumbList","@id":"https:\/\/ghyildiz.com\/product\/kids-sleep-gummies\/#breadcrumb","itemListElement":[{"@type":"ListItem","position":1,"name":"Home","item":"https:\/\/ghyildiz.com\/tr\/"},{"@type":"ListItem","position":2,"name":"Shop","item":"https:\/\/ghyildiz.com\/shop\/"},{"@type":"ListItem","position":3,"name":"Kids Sleep Gummies"}]},{"@type":"WebSite","@id":"https:\/\/ghyildiz.com\/#website","url":"https:\/\/ghyildiz.com\/","name":"GH YILDIZ","description":"\u0130LA\u00c7 ve KOZMET\u0130K","publisher":{"@id":"https:\/\/ghyildiz.com\/#organization"},"potentialAction":[{"@type":"SearchAction","target":{"@type":"EntryPoint","urlTemplate":"https:\/\/ghyildiz.com\/?s={search_term_string}"},"query-input":{"@type":"PropertyValueSpecification","valueRequired":true,"valueName":"search_term_string"}}],"inLanguage":"tr"},{"@type":"Organization","@id":"https:\/\/ghyildiz.com\/#organization","name":"GH YILDIZ","url":"https:\/\/ghyildiz.com\/","logo":{"@type":"ImageObject","inLanguage":"tr","@id":"https:\/\/ghyildiz.com\/#\/schema\/logo\/image\/","url":"https:\/\/ghyildiz.com\/wp-content\/uploads\/2024\/07\/logo.png","contentUrl":"https:\/\/ghyildiz.com\/wp-content\/uploads\/2024\/07\/logo.png","width":1690,"height":290,"caption":"GH YILDIZ"},"image":{"@id":"https:\/\/ghyildiz.com\/#\/schema\/logo\/image\/"}}]}},"_links":{"self":[{"href":"https:\/\/ghyildiz.com\/tr\/wp-json\/wp\/v2\/product\/1130","targetHints":{"allow":["GET"]}}],"collection":[{"href":"https:\/\/ghyildiz.com\/tr\/wp-json\/wp\/v2\/product"}],"about":[{"href":"https:\/\/ghyildiz.com\/tr\/wp-json\/wp\/v2\/types\/product"}],"wp:featuredmedia":[{"embeddable":true,"href":"https:\/\/ghyildiz.com\/tr\/wp-json\/wp\/v2\/media\/1131"}],"wp:attachment":[{"href":"https:\/\/ghyildiz.com\/tr\/wp-json\/wp\/v2\/media?parent=1130"}],"wp:term":[{"taxonomy":"product_brand","embeddable":true,"href":"https:\/\/ghyildiz.com\/tr\/wp-json\/wp\/v2\/product_brand?post=1130"},{"taxonomy":"product_cat","embeddable":true,"href":"https:\/\/ghyildiz.com\/tr\/wp-json\/wp\/v2\/product_cat?post=1130"},{"taxonomy":"product_tag","embeddable":true,"href":"https:\/\/ghyildiz.com\/tr\/wp-json\/wp\/v2\/product_tag?post=1130"}],"curies":[{"name":"wp","href":"https:\/\/api.w.org\/{rel}","templated":true}]}}