{"id":1007,"date":"2024-08-14T16:43:41","date_gmt":"2024-08-14T13:43:41","guid":{"rendered":"https:\/\/ghyildiz.com\/?post_type=product&#038;p=1007"},"modified":"2024-08-22T16:53:31","modified_gmt":"2024-08-22T13:53:31","slug":"lice-shield-shampoo","status":"publish","type":"product","link":"https:\/\/ghyildiz.com\/tr\/product\/lice-shield-shampoo\/","title":{"rendered":"Lice Shield Shampoo"},"content":{"rendered":"<p>Lice Shield Shampoo 250 ml<\/p>\n","protected":false},"excerpt":{"rendered":"<ul>\n<li>Anti Lice Shampoo is formulated to cleanse the scalp of lice and their eggs. While the shampoo treats the hair and skin, it cleanses the scalp to prevent lice from reproducing and relieves itching. It is important to follow the application instructions and to follow the hygiene rules during the treatment process.<\/li>\n<li>Comb optional<\/li>\n<\/ul>\n<p><strong>Ingredients:<\/strong><br \/>\nAqua, Dimethicone, Sodium Laureth Sulfate, Coconut Oil,<br \/>\nDiethyl Malate, Betaine, Lemongrass Oil, Methylisothiazolinone.<\/p>\n<p><strong>Usage:<\/strong><br \/>\nApply sufficient amount of shampoo on hair, massage<br \/>\nthoroughly for about 10 minutes repeat the procedure one week later.<\/p>\n<p>&nbsp;<\/p>\n","protected":false},"featured_media":1054,"template":"","meta":{"_bst_post_transparent":"default","_bst_post_title":"","_bst_post_layout":"default","_bst_post_sidebar_id":"","_bst_post_content_style":"default","_bst_post_vertical_padding":"default","_bst_post_feature":"","_bst_post_feature_position":"","_bst_post_header":false,"_bst_post_footer":false},"product_brand":[],"product_cat":[89],"product_tag":[],"class_list":{"0":"post-1007","1":"product","2":"type-product","3":"status-publish","4":"has-post-thumbnail","6":"product_cat-cosmetics","8":"first","9":"instock","10":"shipping-taxable","11":"product-type-simple","12":"entry","13":"content-bg","14":"loop-entry"},"yoast_head":"<!-- This site is optimized with the Yoast SEO plugin v27.0 - https:\/\/yoast.com\/product\/yoast-seo-wordpress\/ -->\n<title>Lice Shield Shampoo - GH YILDIZ<\/title>\n<meta name=\"robots\" content=\"index, follow, max-snippet:-1, max-image-preview:large, max-video-preview:-1\" \/>\n<link rel=\"canonical\" href=\"https:\/\/ghyildiz.com\/product\/lice-shield-shampoo\/\" \/>\n<meta property=\"og:locale\" content=\"tr_TR\" \/>\n<meta property=\"og:type\" content=\"article\" \/>\n<meta property=\"og:title\" content=\"Lice Shield Shampoo - GH YILDIZ\" \/>\n<meta property=\"og:description\" content=\"Anti Lice Shampoo is formulated to cleanse the scalp of lice and their eggs. While the shampoo treats the hair and skin, it cleanses the scalp to prevent lice from reproducing and relieves itching. It is important to follow the application instructions and to follow the hygiene rules during the treatment process.  Comb optional  Ingredients: Aqua, Dimethicone, Sodium Laureth Sulfate, Coconut Oil, Diethyl Malate, Betaine, Lemongrass Oil, Methylisothiazolinone.  Usage: Apply sufficient amount of shampoo on hair, massage thoroughly for about 10 minutes repeat the procedure one week later.  &nbsp;\" \/>\n<meta property=\"og:url\" content=\"https:\/\/ghyildiz.com\/product\/lice-shield-shampoo\/\" \/>\n<meta property=\"og:site_name\" content=\"GH YILDIZ\" \/>\n<meta property=\"article:modified_time\" content=\"2024-08-22T13:53:31+00:00\" \/>\n<meta property=\"og:image\" content=\"https:\/\/ghyildiz.com\/wp-content\/uploads\/2024\/08\/GNB_1x1_-2-1.jpg\" \/>\n\t<meta property=\"og:image:width\" content=\"1000\" \/>\n\t<meta property=\"og:image:height\" content=\"1000\" \/>\n\t<meta property=\"og:image:type\" content=\"image\/jpeg\" \/>\n<meta name=\"twitter:card\" content=\"summary_large_image\" \/>\n<script type=\"application\/ld+json\" class=\"yoast-schema-graph\">{\"@context\":\"https:\/\/schema.org\",\"@graph\":[{\"@type\":\"WebPage\",\"@id\":\"https:\/\/ghyildiz.com\/product\/lice-shield-shampoo\/\",\"url\":\"https:\/\/ghyildiz.com\/product\/lice-shield-shampoo\/\",\"name\":\"Lice Shield Shampoo - GH YILDIZ\",\"isPartOf\":{\"@id\":\"https:\/\/ghyildiz.com\/#website\"},\"primaryImageOfPage\":{\"@id\":\"https:\/\/ghyildiz.com\/product\/lice-shield-shampoo\/#primaryimage\"},\"image\":{\"@id\":\"https:\/\/ghyildiz.com\/product\/lice-shield-shampoo\/#primaryimage\"},\"thumbnailUrl\":\"https:\/\/ghyildiz.com\/wp-content\/uploads\/2024\/08\/GNB_1x1_-2-1.jpg\",\"datePublished\":\"2024-08-14T13:43:41+00:00\",\"dateModified\":\"2024-08-22T13:53:31+00:00\",\"breadcrumb\":{\"@id\":\"https:\/\/ghyildiz.com\/product\/lice-shield-shampoo\/#breadcrumb\"},\"inLanguage\":\"tr\",\"potentialAction\":[{\"@type\":\"ReadAction\",\"target\":[\"https:\/\/ghyildiz.com\/product\/lice-shield-shampoo\/\"]}]},{\"@type\":\"ImageObject\",\"inLanguage\":\"tr\",\"@id\":\"https:\/\/ghyildiz.com\/product\/lice-shield-shampoo\/#primaryimage\",\"url\":\"https:\/\/ghyildiz.com\/wp-content\/uploads\/2024\/08\/GNB_1x1_-2-1.jpg\",\"contentUrl\":\"https:\/\/ghyildiz.com\/wp-content\/uploads\/2024\/08\/GNB_1x1_-2-1.jpg\",\"width\":1000,\"height\":1000},{\"@type\":\"BreadcrumbList\",\"@id\":\"https:\/\/ghyildiz.com\/product\/lice-shield-shampoo\/#breadcrumb\",\"itemListElement\":[{\"@type\":\"ListItem\",\"position\":1,\"name\":\"Home\",\"item\":\"https:\/\/ghyildiz.com\/tr\/\"},{\"@type\":\"ListItem\",\"position\":2,\"name\":\"Shop\",\"item\":\"https:\/\/ghyildiz.com\/shop\/\"},{\"@type\":\"ListItem\",\"position\":3,\"name\":\"Lice Shield Shampoo\"}]},{\"@type\":\"WebSite\",\"@id\":\"https:\/\/ghyildiz.com\/#website\",\"url\":\"https:\/\/ghyildiz.com\/\",\"name\":\"GH YILDIZ\",\"description\":\"\u0130LA\u00c7 ve KOZMET\u0130K\",\"publisher\":{\"@id\":\"https:\/\/ghyildiz.com\/#organization\"},\"potentialAction\":[{\"@type\":\"SearchAction\",\"target\":{\"@type\":\"EntryPoint\",\"urlTemplate\":\"https:\/\/ghyildiz.com\/?s={search_term_string}\"},\"query-input\":{\"@type\":\"PropertyValueSpecification\",\"valueRequired\":true,\"valueName\":\"search_term_string\"}}],\"inLanguage\":\"tr\"},{\"@type\":\"Organization\",\"@id\":\"https:\/\/ghyildiz.com\/#organization\",\"name\":\"GH YILDIZ\",\"url\":\"https:\/\/ghyildiz.com\/\",\"logo\":{\"@type\":\"ImageObject\",\"inLanguage\":\"tr\",\"@id\":\"https:\/\/ghyildiz.com\/#\/schema\/logo\/image\/\",\"url\":\"https:\/\/ghyildiz.com\/wp-content\/uploads\/2024\/07\/logo.png\",\"contentUrl\":\"https:\/\/ghyildiz.com\/wp-content\/uploads\/2024\/07\/logo.png\",\"width\":1690,\"height\":290,\"caption\":\"GH YILDIZ\"},\"image\":{\"@id\":\"https:\/\/ghyildiz.com\/#\/schema\/logo\/image\/\"}}]}<\/script>\n<!-- \/ Yoast SEO plugin. -->","yoast_head_json":{"title":"Lice Shield Shampoo - GH YILDIZ","robots":{"index":"index","follow":"follow","max-snippet":"max-snippet:-1","max-image-preview":"max-image-preview:large","max-video-preview":"max-video-preview:-1"},"canonical":"https:\/\/ghyildiz.com\/product\/lice-shield-shampoo\/","og_locale":"tr_TR","og_type":"article","og_title":"Lice Shield Shampoo - GH YILDIZ","og_description":"Anti Lice Shampoo is formulated to cleanse the scalp of lice and their eggs. While the shampoo treats the hair and skin, it cleanses the scalp to prevent lice from reproducing and relieves itching. It is important to follow the application instructions and to follow the hygiene rules during the treatment process.  Comb optional  Ingredients: Aqua, Dimethicone, Sodium Laureth Sulfate, Coconut Oil, Diethyl Malate, Betaine, Lemongrass Oil, Methylisothiazolinone.  Usage: Apply sufficient amount of shampoo on hair, massage thoroughly for about 10 minutes repeat the procedure one week later.  &nbsp;","og_url":"https:\/\/ghyildiz.com\/product\/lice-shield-shampoo\/","og_site_name":"GH YILDIZ","article_modified_time":"2024-08-22T13:53:31+00:00","og_image":[{"width":1000,"height":1000,"url":"https:\/\/ghyildiz.com\/wp-content\/uploads\/2024\/08\/GNB_1x1_-2-1.jpg","type":"image\/jpeg"}],"twitter_card":"summary_large_image","schema":{"@context":"https:\/\/schema.org","@graph":[{"@type":"WebPage","@id":"https:\/\/ghyildiz.com\/product\/lice-shield-shampoo\/","url":"https:\/\/ghyildiz.com\/product\/lice-shield-shampoo\/","name":"Lice Shield Shampoo - GH YILDIZ","isPartOf":{"@id":"https:\/\/ghyildiz.com\/#website"},"primaryImageOfPage":{"@id":"https:\/\/ghyildiz.com\/product\/lice-shield-shampoo\/#primaryimage"},"image":{"@id":"https:\/\/ghyildiz.com\/product\/lice-shield-shampoo\/#primaryimage"},"thumbnailUrl":"https:\/\/ghyildiz.com\/wp-content\/uploads\/2024\/08\/GNB_1x1_-2-1.jpg","datePublished":"2024-08-14T13:43:41+00:00","dateModified":"2024-08-22T13:53:31+00:00","breadcrumb":{"@id":"https:\/\/ghyildiz.com\/product\/lice-shield-shampoo\/#breadcrumb"},"inLanguage":"tr","potentialAction":[{"@type":"ReadAction","target":["https:\/\/ghyildiz.com\/product\/lice-shield-shampoo\/"]}]},{"@type":"ImageObject","inLanguage":"tr","@id":"https:\/\/ghyildiz.com\/product\/lice-shield-shampoo\/#primaryimage","url":"https:\/\/ghyildiz.com\/wp-content\/uploads\/2024\/08\/GNB_1x1_-2-1.jpg","contentUrl":"https:\/\/ghyildiz.com\/wp-content\/uploads\/2024\/08\/GNB_1x1_-2-1.jpg","width":1000,"height":1000},{"@type":"BreadcrumbList","@id":"https:\/\/ghyildiz.com\/product\/lice-shield-shampoo\/#breadcrumb","itemListElement":[{"@type":"ListItem","position":1,"name":"Home","item":"https:\/\/ghyildiz.com\/tr\/"},{"@type":"ListItem","position":2,"name":"Shop","item":"https:\/\/ghyildiz.com\/shop\/"},{"@type":"ListItem","position":3,"name":"Lice Shield Shampoo"}]},{"@type":"WebSite","@id":"https:\/\/ghyildiz.com\/#website","url":"https:\/\/ghyildiz.com\/","name":"GH YILDIZ","description":"\u0130LA\u00c7 ve KOZMET\u0130K","publisher":{"@id":"https:\/\/ghyildiz.com\/#organization"},"potentialAction":[{"@type":"SearchAction","target":{"@type":"EntryPoint","urlTemplate":"https:\/\/ghyildiz.com\/?s={search_term_string}"},"query-input":{"@type":"PropertyValueSpecification","valueRequired":true,"valueName":"search_term_string"}}],"inLanguage":"tr"},{"@type":"Organization","@id":"https:\/\/ghyildiz.com\/#organization","name":"GH YILDIZ","url":"https:\/\/ghyildiz.com\/","logo":{"@type":"ImageObject","inLanguage":"tr","@id":"https:\/\/ghyildiz.com\/#\/schema\/logo\/image\/","url":"https:\/\/ghyildiz.com\/wp-content\/uploads\/2024\/07\/logo.png","contentUrl":"https:\/\/ghyildiz.com\/wp-content\/uploads\/2024\/07\/logo.png","width":1690,"height":290,"caption":"GH YILDIZ"},"image":{"@id":"https:\/\/ghyildiz.com\/#\/schema\/logo\/image\/"}}]}},"_links":{"self":[{"href":"https:\/\/ghyildiz.com\/tr\/wp-json\/wp\/v2\/product\/1007","targetHints":{"allow":["GET"]}}],"collection":[{"href":"https:\/\/ghyildiz.com\/tr\/wp-json\/wp\/v2\/product"}],"about":[{"href":"https:\/\/ghyildiz.com\/tr\/wp-json\/wp\/v2\/types\/product"}],"wp:featuredmedia":[{"embeddable":true,"href":"https:\/\/ghyildiz.com\/tr\/wp-json\/wp\/v2\/media\/1054"}],"wp:attachment":[{"href":"https:\/\/ghyildiz.com\/tr\/wp-json\/wp\/v2\/media?parent=1007"}],"wp:term":[{"taxonomy":"product_brand","embeddable":true,"href":"https:\/\/ghyildiz.com\/tr\/wp-json\/wp\/v2\/product_brand?post=1007"},{"taxonomy":"product_cat","embeddable":true,"href":"https:\/\/ghyildiz.com\/tr\/wp-json\/wp\/v2\/product_cat?post=1007"},{"taxonomy":"product_tag","embeddable":true,"href":"https:\/\/ghyildiz.com\/tr\/wp-json\/wp\/v2\/product_tag?post=1007"}],"curies":[{"name":"wp","href":"https:\/\/api.w.org\/{rel}","templated":true}]}}