{"id":1166,"date":"2024-10-30T16:21:38","date_gmt":"2024-10-30T13:21:38","guid":{"rendered":"https:\/\/ghyildiz.com\/politikamiz\/"},"modified":"2024-10-30T16:21:38","modified_gmt":"2024-10-30T13:21:38","slug":"politikamiz","status":"publish","type":"page","link":"https:\/\/ghyildiz.com\/tr\/politikamiz\/","title":{"rendered":"Politikam\u0131z"},"content":{"rendered":"\n<h2 class=\"wp-block-heading\">KAL\u0130TE, GIDA G\u00dcVENL\u0130\u011e\u0130 ve HELAL GIDA POL\u0130T\u0130KASI<\/h2>\n\n\n\n<p>\u00dcretim tesisimiz takviye g\u0131dalar\u0131 \u00fcretmekte ve doldurmaktad\u0131r (\u00fcretim, dolum, paketleme, ambalajlama) ve g\u0131da g\u00fcvenli\u011fi politikam\u0131z gere\u011fi, a\u015fa\u011f\u0131da belirtti\u011fimiz ilkeleri t\u00fcm \u00e7al\u0131\u015fanlar\u0131m\u0131zla birlikte benimsiyoruz.<\/p>\n\n\n\n<ul class=\"wp-block-list\">\n<li>M\u00fc\u015fterilerimizin taleplerini, arzu edilen y\u00fcksek kalitede ve en uygun s\u00fcrede kar\u015f\u0131lamak. Kaliteli ve g\u00fcvenilir \u00fcr\u00fcnler \u00fcreterek m\u00fc\u015fteri memnuniyetini sa\u011flamak.<\/li>\n\n\n\n<li>T\u00fcm faaliyetlerimizde yasal ve d\u00fczenleyici otoriteler taraf\u0131ndan belirlenen standartlar\u0131 (ISO 9001, ISO 22000, HELAL) uygulayarak g\u0131da g\u00fcvenli\u011finin s\u00fcreklili\u011fini sa\u011flamak.<\/li>\n\n\n\n<li>T\u00fcm alanlarda ko\u015fulsuz hijyenik \u00fcretim ger\u00e7ekle\u015ftirmek.<\/li>\n\n\n\n<li>Nitelikli insan kaynaklar\u0131yla \u00e7al\u0131\u015facak ve \u00e7al\u0131\u015fanlar\u0131n s\u00fcrekli geli\u015fimini destekleyecek bir \u00f6\u011frenme organizasyonu olu\u015fturmak.<\/li>\n\n\n\n<li>Kaliteli ve g\u00fcvenilir hammaddeler kullanmak.<\/li>\n\n\n\n<li>Hammadde tedarikinden \u00fcr\u00fcn\u00fcn m\u00fc\u015fteriye teslimine kadar her a\u015famay\u0131 kontrol etmek.<\/li>\n\n\n\n<li>\u00dcr\u00fcn \u00f6zelliklerine g\u00f6re \u00fcretmek.<\/li>\n\n\n\n<li>Modern teknolojileri kullanarak performans\u0131 ve verimlili\u011fi art\u0131rmak.<\/li>\n\n\n\n<li>\u0130\u015f ortaklar\u0131m\u0131za ba\u011fl\u0131 kalarak; m\u00fc\u015fteri memnuniyetine \u00f6ncelik vererek ve \u015firketimize duyulan g\u00fcveni koruyarak.<\/li>\n\n\n\n<li>Kaliteli, g\u00fcvenli ve helal g\u0131da \u00fcretiminin temelini olu\u015fturan t\u00fcm yasal gereklilikleri eksiksiz yerine getirerek, g\u00fcvenli helal g\u0131da takviyesi \u00fcr\u00fcnleri \u00fcretmek.<\/li>\n\n\n\n<li>Hammadde se\u00e7iminin g\u0131da g\u00fcvenli\u011fi ve helal g\u0131da gerekliliklerine uygun olmas\u0131n\u0131 sa\u011flamak.<\/li>\n\n\n\n<li>Uygulanan Entegre Y\u00f6netim Sisteminin t\u00fcm birimler taraf\u0131ndan anla\u015f\u0131lmas\u0131n\u0131, uygulanmas\u0131n\u0131 ve geli\u015ftirilmesini sa\u011flamak.<\/li>\n\n\n\n<li>Entegre Y\u00f6netim Sisteminin yeterlili\u011fini, uygunlu\u011funu ve etkinli\u011fini de\u011ferlendirmek amac\u0131yla d\u00fczenli olarak denetlemek ve g\u00f6zden ge\u00e7irmek.<\/li>\n\n\n\n<li>Entegre Y\u00f6netim Sistemini s\u00fcrekli olarak iyile\u015ftirmek.<\/li>\n<\/ul>\n","protected":false},"excerpt":{"rendered":"<p>KAL\u0130TE, GIDA G\u00dcVENL\u0130\u011e\u0130 ve HELAL GIDA POL\u0130T\u0130KASI \u00dcretim tesisimiz takviye g\u0131dalar\u0131 \u00fcretmekte ve doldurmaktad\u0131r (\u00fcretim, dolum, paketleme, ambalajlama) ve g\u0131da g\u00fcvenli\u011fi politikam\u0131z gere\u011fi, a\u015fa\u011f\u0131da belirtti\u011fimiz ilkeleri t\u00fcm \u00e7al\u0131\u015fanlar\u0131m\u0131zla birlikte benimsiyoruz.<\/p>\n","protected":false},"author":1,"featured_media":0,"parent":0,"menu_order":0,"comment_status":"closed","ping_status":"closed","template":"","meta":{"_bst_post_transparent":"","_bst_post_title":"","_bst_post_layout":"","_bst_post_sidebar_id":"","_bst_post_content_style":"","_bst_post_vertical_padding":"","_bst_post_feature":"","_bst_post_feature_position":"","_bst_post_header":false,"_bst_post_footer":false,"footnotes":""},"class_list":["post-1166","page","type-page","status-publish","hentry"],"yoast_head":"<!-- This site is optimized with the Yoast SEO plugin v27.0 - https:\/\/yoast.com\/product\/yoast-seo-wordpress\/ -->\n<title>Politikam\u0131z - GH YILDIZ<\/title>\n<meta name=\"robots\" content=\"index, follow, max-snippet:-1, max-image-preview:large, max-video-preview:-1\" \/>\n<link rel=\"canonical\" href=\"https:\/\/ghyildiz.com\/politikamiz\/\" \/>\n<meta property=\"og:locale\" content=\"tr_TR\" \/>\n<meta property=\"og:type\" content=\"article\" \/>\n<meta property=\"og:title\" content=\"Politikam\u0131z - GH YILDIZ\" \/>\n<meta property=\"og:description\" content=\"KAL\u0130TE, GIDA G\u00dcVENL\u0130\u011e\u0130 ve HELAL GIDA POL\u0130T\u0130KASI \u00dcretim tesisimiz takviye g\u0131dalar\u0131 \u00fcretmekte ve doldurmaktad\u0131r (\u00fcretim, dolum, paketleme, ambalajlama) ve g\u0131da g\u00fcvenli\u011fi politikam\u0131z gere\u011fi, a\u015fa\u011f\u0131da belirtti\u011fimiz ilkeleri t\u00fcm \u00e7al\u0131\u015fanlar\u0131m\u0131zla birlikte benimsiyoruz.\" \/>\n<meta property=\"og:url\" content=\"https:\/\/ghyildiz.com\/politikamiz\/\" \/>\n<meta property=\"og:site_name\" content=\"GH YILDIZ\" \/>\n<meta name=\"twitter:card\" content=\"summary_large_image\" \/>\n<meta name=\"twitter:label1\" content=\"Tahmini okuma s\u00fcresi\" \/>\n\t<meta name=\"twitter:data1\" content=\"1 dakika\" \/>\n<script type=\"application\/ld+json\" class=\"yoast-schema-graph\">{\"@context\":\"https:\/\/schema.org\",\"@graph\":[{\"@type\":\"WebPage\",\"@id\":\"https:\/\/ghyildiz.com\/politikamiz\/\",\"url\":\"https:\/\/ghyildiz.com\/politikamiz\/\",\"name\":\"Politikam\u0131z - GH YILDIZ\",\"isPartOf\":{\"@id\":\"https:\/\/ghyildiz.com\/#website\"},\"datePublished\":\"2024-10-30T13:21:38+00:00\",\"breadcrumb\":{\"@id\":\"https:\/\/ghyildiz.com\/politikamiz\/#breadcrumb\"},\"inLanguage\":\"tr\",\"potentialAction\":[{\"@type\":\"ReadAction\",\"target\":[\"https:\/\/ghyildiz.com\/politikamiz\/\"]}]},{\"@type\":\"BreadcrumbList\",\"@id\":\"https:\/\/ghyildiz.com\/politikamiz\/#breadcrumb\",\"itemListElement\":[{\"@type\":\"ListItem\",\"position\":1,\"name\":\"Home\",\"item\":\"https:\/\/ghyildiz.com\/tr\/\"},{\"@type\":\"ListItem\",\"position\":2,\"name\":\"Politikam\u0131z\"}]},{\"@type\":\"WebSite\",\"@id\":\"https:\/\/ghyildiz.com\/#website\",\"url\":\"https:\/\/ghyildiz.com\/\",\"name\":\"GH YILDIZ\",\"description\":\"\u0130LA\u00c7 ve KOZMET\u0130K\",\"publisher\":{\"@id\":\"https:\/\/ghyildiz.com\/#organization\"},\"potentialAction\":[{\"@type\":\"SearchAction\",\"target\":{\"@type\":\"EntryPoint\",\"urlTemplate\":\"https:\/\/ghyildiz.com\/?s={search_term_string}\"},\"query-input\":{\"@type\":\"PropertyValueSpecification\",\"valueRequired\":true,\"valueName\":\"search_term_string\"}}],\"inLanguage\":\"tr\"},{\"@type\":\"Organization\",\"@id\":\"https:\/\/ghyildiz.com\/#organization\",\"name\":\"GH YILDIZ\",\"url\":\"https:\/\/ghyildiz.com\/\",\"logo\":{\"@type\":\"ImageObject\",\"inLanguage\":\"tr\",\"@id\":\"https:\/\/ghyildiz.com\/#\/schema\/logo\/image\/\",\"url\":\"https:\/\/ghyildiz.com\/wp-content\/uploads\/2024\/07\/logo.png\",\"contentUrl\":\"https:\/\/ghyildiz.com\/wp-content\/uploads\/2024\/07\/logo.png\",\"width\":1690,\"height\":290,\"caption\":\"GH YILDIZ\"},\"image\":{\"@id\":\"https:\/\/ghyildiz.com\/#\/schema\/logo\/image\/\"}}]}<\/script>\n<!-- \/ Yoast SEO plugin. -->","yoast_head_json":{"title":"Politikam\u0131z - GH YILDIZ","robots":{"index":"index","follow":"follow","max-snippet":"max-snippet:-1","max-image-preview":"max-image-preview:large","max-video-preview":"max-video-preview:-1"},"canonical":"https:\/\/ghyildiz.com\/politikamiz\/","og_locale":"tr_TR","og_type":"article","og_title":"Politikam\u0131z - GH YILDIZ","og_description":"KAL\u0130TE, GIDA G\u00dcVENL\u0130\u011e\u0130 ve HELAL GIDA POL\u0130T\u0130KASI \u00dcretim tesisimiz takviye g\u0131dalar\u0131 \u00fcretmekte ve doldurmaktad\u0131r (\u00fcretim, dolum, paketleme, ambalajlama) ve g\u0131da g\u00fcvenli\u011fi politikam\u0131z gere\u011fi, a\u015fa\u011f\u0131da belirtti\u011fimiz ilkeleri t\u00fcm \u00e7al\u0131\u015fanlar\u0131m\u0131zla birlikte benimsiyoruz.","og_url":"https:\/\/ghyildiz.com\/politikamiz\/","og_site_name":"GH YILDIZ","twitter_card":"summary_large_image","twitter_misc":{"Tahmini okuma s\u00fcresi":"1 dakika"},"schema":{"@context":"https:\/\/schema.org","@graph":[{"@type":"WebPage","@id":"https:\/\/ghyildiz.com\/politikamiz\/","url":"https:\/\/ghyildiz.com\/politikamiz\/","name":"Politikam\u0131z - GH YILDIZ","isPartOf":{"@id":"https:\/\/ghyildiz.com\/#website"},"datePublished":"2024-10-30T13:21:38+00:00","breadcrumb":{"@id":"https:\/\/ghyildiz.com\/politikamiz\/#breadcrumb"},"inLanguage":"tr","potentialAction":[{"@type":"ReadAction","target":["https:\/\/ghyildiz.com\/politikamiz\/"]}]},{"@type":"BreadcrumbList","@id":"https:\/\/ghyildiz.com\/politikamiz\/#breadcrumb","itemListElement":[{"@type":"ListItem","position":1,"name":"Home","item":"https:\/\/ghyildiz.com\/tr\/"},{"@type":"ListItem","position":2,"name":"Politikam\u0131z"}]},{"@type":"WebSite","@id":"https:\/\/ghyildiz.com\/#website","url":"https:\/\/ghyildiz.com\/","name":"GH YILDIZ","description":"\u0130LA\u00c7 ve KOZMET\u0130K","publisher":{"@id":"https:\/\/ghyildiz.com\/#organization"},"potentialAction":[{"@type":"SearchAction","target":{"@type":"EntryPoint","urlTemplate":"https:\/\/ghyildiz.com\/?s={search_term_string}"},"query-input":{"@type":"PropertyValueSpecification","valueRequired":true,"valueName":"search_term_string"}}],"inLanguage":"tr"},{"@type":"Organization","@id":"https:\/\/ghyildiz.com\/#organization","name":"GH YILDIZ","url":"https:\/\/ghyildiz.com\/","logo":{"@type":"ImageObject","inLanguage":"tr","@id":"https:\/\/ghyildiz.com\/#\/schema\/logo\/image\/","url":"https:\/\/ghyildiz.com\/wp-content\/uploads\/2024\/07\/logo.png","contentUrl":"https:\/\/ghyildiz.com\/wp-content\/uploads\/2024\/07\/logo.png","width":1690,"height":290,"caption":"GH YILDIZ"},"image":{"@id":"https:\/\/ghyildiz.com\/#\/schema\/logo\/image\/"}}]}},"_links":{"self":[{"href":"https:\/\/ghyildiz.com\/tr\/wp-json\/wp\/v2\/pages\/1166","targetHints":{"allow":["GET"]}}],"collection":[{"href":"https:\/\/ghyildiz.com\/tr\/wp-json\/wp\/v2\/pages"}],"about":[{"href":"https:\/\/ghyildiz.com\/tr\/wp-json\/wp\/v2\/types\/page"}],"author":[{"embeddable":true,"href":"https:\/\/ghyildiz.com\/tr\/wp-json\/wp\/v2\/users\/1"}],"replies":[{"embeddable":true,"href":"https:\/\/ghyildiz.com\/tr\/wp-json\/wp\/v2\/comments?post=1166"}],"version-history":[{"count":0,"href":"https:\/\/ghyildiz.com\/tr\/wp-json\/wp\/v2\/pages\/1166\/revisions"}],"wp:attachment":[{"href":"https:\/\/ghyildiz.com\/tr\/wp-json\/wp\/v2\/media?parent=1166"}],"curies":[{"name":"wp","href":"https:\/\/api.w.org\/{rel}","templated":true}]}}